{"id":3308,"date":"2025-05-15T17:17:42","date_gmt":"2025-05-15T14:17:42","guid":{"rendered":"https:\/\/www.resq-club.com\/se\/?page_id=3308"},"modified":"2025-09-18T15:04:01","modified_gmt":"2025-09-18T12:04:01","slug":"press-and-media","status":"publish","type":"page","link":"https:\/\/www.resq-club.com\/se\/press-and-media\/","title":{"rendered":"Press and media"},"content":{"rendered":"<div class=\"wpb-content-wrapper\"><p>[vc_row unlock_row_content=&#8221;yes&#8221; row_height_percent=&#8221;0&#8243; override_padding=&#8221;yes&#8221; h_padding=&#8221;2&#8243; top_padding=&#8221;2&#8243; bottom_padding=&#8221;2&#8243; back_color=&#8221;color-wayh&#8221; overlay_alpha=&#8221;50&#8243; gutter_size=&#8221;3&#8243; column_width_percent=&#8221;100&#8243; shift_y=&#8221;0&#8243; z_index=&#8221;0&#8243; content_parallax=&#8221;0&#8243; uncode_shortcode_id=&#8221;118604&#8243; back_color_type=&#8221;uncode-palette&#8221;][vc_column column_width_percent=&#8221;100&#8243; gutter_size=&#8221;3&#8243; overlay_alpha=&#8221;50&#8243; shift_x=&#8221;0&#8243; shift_y=&#8221;0&#8243; shift_y_down=&#8221;0&#8243; z_index=&#8221;0&#8243; medium_width=&#8221;0&#8243; mobile_width=&#8221;0&#8243; width=&#8221;6\/12&#8243; uncode_shortcode_id=&#8221;195459&#8243;][vc_empty_space empty_h=&#8221;2&#8243;][vc_custom_heading text_color=&#8221;color-xsdn&#8221; heading_semantic=&#8221;h1&#8243; uncode_shortcode_id=&#8221;141342&#8243; text_color_type=&#8221;uncode-palette&#8221;]Press och media[\/vc_custom_heading][vc_column_text text_lead=&#8221;yes&#8221; text_color=&#8221;color-xsdn&#8221; uncode_shortcode_id=&#8221;186037&#8243; text_color_type=&#8221;uncode-palette&#8221;]Varje r\u00e4ddad vara \u00e4r en ber\u00e4ttelse v\u00e4rd att dela.[\/vc_column_text][vc_empty_space empty_h=&#8221;5&#8243; medium_visibility=&#8221;yes&#8221; mobile_visibility=&#8221;yes&#8221;][vc_row_inner][vc_column_inner column_width_percent=&#8221;100&#8243; position_vertical=&#8221;bottom&#8221; gutter_size=&#8221;2&#8243; overlay_alpha=&#8221;50&#8243; shift_x=&#8221;0&#8243; shift_y=&#8221;0&#8243; shift_y_down=&#8221;0&#8243; z_index=&#8221;0&#8243; medium_width=&#8221;0&#8243; mobile_width=&#8221;0&#8243; width=&#8221;1\/1&#8243; uncode_shortcode_id=&#8221;143183&#8243;][vc_custom_heading text_color=&#8221;color-xsdn&#8221; text_size=&#8221;h5&#8243; uncode_shortcode_id=&#8221;885401&#8243; text_color_type=&#8221;uncode-palette&#8221;]Om ResQ Club[\/vc_custom_heading][vc_column_text text_color=&#8221;color-xsdn&#8221; uncode_shortcode_id=&#8221;775831&#8243; text_color_type=&#8221;uncode-palette&#8221;]Vi tror att \u00f6verskottsvaror f\u00f6rtj\u00e4nar en andra chans.<br \/>\nResQ Club grundades 2015 i Finland med en tydlig mission: att minska svinnet till noll. Vi kopplar samman f\u00f6retag inom livsmedel och detaljhandel som vill minska sitt \u00f6verskott med konsumenter som letar efter bra erbjudanden.<\/p>\n<p>Via ResQ Club-appen kan kunder uppt\u00e4cka prisv\u00e4rda \u00f6verskottsvaror i n\u00e4rheten \u2013 och samtidigt hj\u00e4lpa f\u00f6retag att minska svinn och \u00f6ka sina int\u00e4kter.<\/p>\n<p>Sedan starten har vi expanderat till Sverige, Estland och Tyskland och forts\u00e4tter v\u00e5rt arbete f\u00f6r att minska svinn globalt och skapa en st\u00f6rre positiv p\u00e5verkan.[\/vc_column_text][vc_button button_color=&#8221;color-561372&#8243; size=&#8221;link&#8221; custom_typo=&#8221;yes&#8221; font_family=&#8221;font-555555&#8243; font_weight=&#8221;600&#8243; icon_position=&#8221;right&#8221; button_color_type=&#8221;uncode-palette&#8221; icon=&#8221;fa fa-arrow-right2&#8243; uncode_shortcode_id=&#8221;743539&#8243; link=&#8221;url:https%3A%2F%2Fwww.resq-club.com%2Fse%2Fom-oss%2F|title:Our%20mission&#8221;]L\u00e4s mer om ResQ Club[\/vc_button][\/vc_column_inner][\/vc_row_inner][\/vc_column][vc_column width=&#8221;2\/12&#8243;][\/vc_column][vc_column column_width_percent=&#8221;100&#8243; position_vertical=&#8221;bottom&#8221; gutter_size=&#8221;3&#8243; overlay_alpha=&#8221;50&#8243; shift_x=&#8221;0&#8243; shift_y=&#8221;0&#8243; shift_y_down=&#8221;0&#8243; z_index=&#8221;0&#8243; medium_width=&#8221;0&#8243; mobile_width=&#8221;0&#8243; width=&#8221;4\/12&#8243; uncode_shortcode_id=&#8221;151806&#8243;][vc_single_image media=&#8221;1156&#8243; media_width_percent=&#8221;100&#8243; shape=&#8221;img-round&#8221; radius=&#8221;lg&#8221; uncode_shortcode_id=&#8221;162110&#8243;][\/vc_column][\/vc_row][vc_row unlock_row_content=&#8221;yes&#8221; row_height_percent=&#8221;0&#8243; override_padding=&#8221;yes&#8221; h_padding=&#8221;2&#8243; top_padding=&#8221;3&#8243; bottom_padding=&#8221;2&#8243; overlay_alpha=&#8221;50&#8243; gutter_size=&#8221;4&#8243; column_width_percent=&#8221;100&#8243; shift_y=&#8221;0&#8243; z_index=&#8221;0&#8243; inverted_device_order=&#8221;yes&#8221; content_parallax=&#8221;0&#8243; uncode_shortcode_id=&#8221;402247&#8243;][vc_column column_width_percent=&#8221;100&#8243; gutter_size=&#8221;3&#8243; overlay_alpha=&#8221;50&#8243; radius=&#8221;lg&#8221; shift_x=&#8221;0&#8243; shift_y=&#8221;0&#8243; shift_y_down=&#8221;0&#8243; z_index=&#8221;0&#8243; medium_width=&#8221;0&#8243; mobile_width=&#8221;0&#8243; width=&#8221;1\/2&#8243; uncode_shortcode_id=&#8221;442050&#8243; css=&#8221;.vc_custom_1738064312181{padding-top: 20px !important;}&#8221;][vc_single_image media=&#8221;950&#8243; media_width_percent=&#8221;100&#8243; media_ratio=&#8221;four-three&#8221; shape=&#8221;img-round&#8221; radius=&#8221;lg&#8221; uncode_shortcode_id=&#8221;957866&#8243;][\/vc_column][vc_column column_width_percent=&#8221;100&#8243; position_horizontal=&#8221;left&#8221; position_vertical=&#8221;middle&#8221; gutter_size=&#8221;3&#8243; overlay_alpha=&#8221;50&#8243; shift_x=&#8221;0&#8243; shift_y=&#8221;0&#8243; shift_y_down=&#8221;0&#8243; z_index=&#8221;0&#8243; medium_width=&#8221;0&#8243; mobile_width=&#8221;0&#8243; width=&#8221;1\/2&#8243; uncode_shortcode_id=&#8221;189221&#8243;][vc_custom_heading text_size=&#8221;h4&#8243; uncode_shortcode_id=&#8221;199319&#8243;]Press kit[\/vc_custom_heading][vc_column_text uncode_shortcode_id=&#8221;180486&#8243;]Officiella bilder, logotyper och andra resurser finns tillg\u00e4ngliga f\u00f6r nedladdning.[\/vc_column_text][vc_row_inner][vc_column_inner column_width_percent=&#8221;100&#8243; position_vertical=&#8221;bottom&#8221; gutter_size=&#8221;2&#8243; overlay_alpha=&#8221;50&#8243; shift_x=&#8221;0&#8243; shift_y=&#8221;0&#8243; shift_y_down=&#8221;0&#8243; z_index=&#8221;0&#8243; medium_width=&#8221;0&#8243; mobile_width=&#8221;0&#8243; width=&#8221;1\/1&#8243; uncode_shortcode_id=&#8221;150011&#8243;][vc_button size=&#8221;link&#8221; custom_typo=&#8221;yes&#8221; font_family=&#8221;font-555555&#8243; font_weight=&#8221;600&#8243; icon_position=&#8221;right&#8221; icon=&#8221;fa fa-arrow-right2&#8243; uncode_shortcode_id=&#8221;213781&#8243; link=&#8221;url:https%3A%2F%2Fwww.resq-club.com%2Fwp-content%2Fuploads%2F2025%2F08%2FLogo.zip&#8221;]Ladda ner logotyper (Zip)[\/vc_button][vc_button size=&#8221;link&#8221; custom_typo=&#8221;yes&#8221; font_family=&#8221;font-555555&#8243; font_weight=&#8221;600&#8243; icon_position=&#8221;right&#8221; icon=&#8221;fa fa-arrow-right2&#8243; uncode_shortcode_id=&#8221;112290&#8243; link=&#8221;url:https%3A%2F%2Fwww.resq-club.com%2Fwp-content%2Fuploads%2F2025%2F08%2FImages.zip&#8221;]Ladda ner bilder (Zip)[\/vc_button][vc_button size=&#8221;link&#8221; custom_typo=&#8221;yes&#8221; font_family=&#8221;font-555555&#8243; font_weight=&#8221;600&#8243; icon_position=&#8221;right&#8221; icon=&#8221;fa fa-arrow-right2&#8243; uncode_shortcode_id=&#8221;198721&#8243; link=&#8221;url:https%3A%2F%2Fwww.resq-club.com%2Fresq-brand-book%2F&#8221;]Ladda ner f\u00e4rgguide[\/vc_button][vc_separator sep_color=&#8221;color-jevc&#8221; uncode_shortcode_id=&#8221;208658&#8243; sep_color_type=&#8221;uncode-palette&#8221; el_height=&#8221;1px&#8221;][vc_button size=&#8221;link&#8221; custom_typo=&#8221;yes&#8221; font_family=&#8221;font-555555&#8243; font_weight=&#8221;600&#8243; icon_position=&#8221;right&#8221; icon=&#8221;fa fa-arrow-right2&#8243; uncode_shortcode_id=&#8221;153294&#8243; link=&#8221;url:https%3A%2F%2Fdrive.google.com%2Fdrive%2Ffolders%2F1Ij-uRbG76Qt5uOe1rsEYXqRht83TZPNl|target:_blank&#8221;]Bl\u00e4ddra bland ytterligare bilder (Google Drive)[\/vc_button][\/vc_column_inner][\/vc_row_inner][\/vc_column][\/vc_row][vc_row unlock_row_content=&#8221;yes&#8221; row_height_percent=&#8221;0&#8243; override_padding=&#8221;yes&#8221; h_padding=&#8221;2&#8243; top_padding=&#8221;3&#8243; bottom_padding=&#8221;3&#8243; overlay_alpha=&#8221;50&#8243; gutter_size=&#8221;6&#8243; column_width_percent=&#8221;100&#8243; shift_y=&#8221;0&#8243; z_index=&#8221;0&#8243; content_parallax=&#8221;0&#8243; uncode_shortcode_id=&#8221;965290&#8243;][vc_column column_width_percent=&#8221;70&#8243; position_horizontal=&#8221;left&#8221; position_vertical=&#8221;middle&#8221; gutter_size=&#8221;2&#8243; overlay_alpha=&#8221;50&#8243; shift_x=&#8221;0&#8243; shift_y=&#8221;0&#8243; shift_y_down=&#8221;0&#8243; z_index=&#8221;0&#8243; medium_width=&#8221;0&#8243; mobile_width=&#8221;0&#8243; width=&#8221;1\/2&#8243; uncode_shortcode_id=&#8221;800257&#8243;][vc_custom_heading heading_semantic=&#8221;h4&#8243; text_size=&#8221;h4&#8243; uncode_shortcode_id=&#8221;293488&#8243;]Kontakta oss[\/vc_custom_heading][vc_column_text uncode_shortcode_id=&#8221;138873&#8243;]F\u00f6r pressf\u00f6rfr\u00e5gningar, kontakta oss p\u00e5[\/vc_column_text][vc_button button_color=&#8221;color-lxmt&#8221; size=&#8221;link&#8221; custom_typo=&#8221;yes&#8221; font_family=&#8221;font-555555&#8243; font_weight=&#8221;600&#8243; icon_position=&#8221;right&#8221; display=&#8221;inline&#8221; icon=&#8221;fa fa-arrow-right2&#8243; uncode_shortcode_id=&#8221;212058&#8243; button_color_type=&#8221;uncode-palette&#8221; link=&#8221;url:mailto%3Amarketing%40resq-club.com&#8221;]marketing@resq-club.com[\/vc_button][\/vc_column][vc_column column_width_percent=&#8221;100&#8243; gutter_size=&#8221;3&#8243; overlay_alpha=&#8221;50&#8243; radius=&#8221;std&#8221; shift_x=&#8221;0&#8243; shift_y=&#8221;0&#8243; shift_y_down=&#8221;0&#8243; z_index=&#8221;0&#8243; medium_width=&#8221;0&#8243; mobile_width=&#8221;0&#8243; width=&#8221;1\/2&#8243; uncode_shortcode_id=&#8221;348918&#8243;][vc_single_image media=&#8221;1183&#8243; media_width_percent=&#8221;90&#8243; alignment=&#8221;right&#8221; shape=&#8221;img-round&#8221; radius=&#8221;lg&#8221; medium_visibility=&#8221;yes&#8221; mobile_visibility=&#8221;yes&#8221; uncode_shortcode_id=&#8221;335701&#8243;][vc_single_image media=&#8221;1183&#8243; media_width_percent=&#8221;100&#8243; alignment=&#8221;center&#8221; shape=&#8221;img-round&#8221; radius=&#8221;lg&#8221; desktop_visibility=&#8221;yes&#8221; uncode_shortcode_id=&#8221;145467&#8243;][\/vc_column][\/vc_row]<\/p>\n<\/div>","protected":false},"excerpt":{"rendered":"<p>[vc_row unlock_row_content=&#8221;yes&#8221; row_height_percent=&#8221;0&#8243; override_padding=&#8221;yes&#8221; h_padding=&#8221;2&#8243; top_padding=&#8221;2&#8243; bottom_padding=&#8221;2&#8243; back_color=&#8221;color-wayh&#8221; overlay_alpha=&#8221;50&#8243; gutter_size=&#8221;3&#8243; column_width_percent=&#8221;100&#8243; shift_y=&#8221;0&#8243; z_index=&#8221;0&#8243; content_parallax=&#8221;0&#8243; uncode_shortcode_id=&#8221;118604&#8243; back_color_type=&#8221;uncode-palette&#8221;][vc_column column_width_percent=&#8221;100&#8243; gutter_size=&#8221;3&#8243; overlay_alpha=&#8221;50&#8243; shift_x=&#8221;0&#8243; [&hellip;]<\/p>\n","protected":false},"author":3,"featured_media":0,"parent":0,"menu_order":0,"comment_status":"closed","ping_status":"closed","template":"","meta":{"footnotes":""},"class_list":["post-3308","page","type-page","status-publish","hentry"],"yoast_head":"<!-- This site is optimized with the Yoast SEO plugin v26.9 - https:\/\/yoast.com\/product\/yoast-seo-wordpress\/ -->\n<title>Press and media - ResQ Club 2025 Se<\/title>\n<meta name=\"robots\" content=\"index, follow, max-snippet:-1, max-image-preview:large, max-video-preview:-1\" \/>\n<link rel=\"canonical\" href=\"https:\/\/www.resq-club.com\/se\/press-and-media\/\" \/>\n<meta property=\"og:locale\" content=\"en_US\" \/>\n<meta property=\"og:type\" content=\"article\" \/>\n<meta property=\"og:title\" content=\"Press and media - ResQ Club 2025 Se\" \/>\n<meta property=\"og:description\" content=\"[vc_row unlock_row_content=&#8221;yes&#8221; row_height_percent=&#8221;0&#8243; override_padding=&#8221;yes&#8221; h_padding=&#8221;2&#8243; top_padding=&#8221;2&#8243; bottom_padding=&#8221;2&#8243; back_color=&#8221;color-wayh&#8221; overlay_alpha=&#8221;50&#8243; gutter_size=&#8221;3&#8243; column_width_percent=&#8221;100&#8243; shift_y=&#8221;0&#8243; z_index=&#8221;0&#8243; content_parallax=&#8221;0&#8243; uncode_shortcode_id=&#8221;118604&#8243; back_color_type=&#8221;uncode-palette&#8221;][vc_column column_width_percent=&#8221;100&#8243; gutter_size=&#8221;3&#8243; overlay_alpha=&#8221;50&#8243; shift_x=&#8221;0&#8243; [&hellip;]\" \/>\n<meta property=\"og:url\" content=\"https:\/\/www.resq-club.com\/se\/press-and-media\/\" \/>\n<meta property=\"og:site_name\" content=\"ResQ Club 2025 Se\" \/>\n<meta property=\"article:modified_time\" content=\"2025-09-18T12:04:01+00:00\" \/>\n<meta property=\"og:image\" content=\"https:\/\/2025.resq-club.com\/wp-content\/uploads\/\/sites\/11\/2025\/05\/resq-club-2.jpg\" \/>\n\t<meta property=\"og:image:width\" content=\"1200\" \/>\n\t<meta property=\"og:image:height\" content=\"678\" \/>\n\t<meta property=\"og:image:type\" content=\"image\/jpeg\" \/>\n<meta name=\"twitter:card\" content=\"summary_large_image\" \/>\n<meta name=\"twitter:label1\" content=\"Est. reading time\" \/>\n\t<meta name=\"twitter:data1\" content=\"2 minutes\" \/>\n<script type=\"application\/ld+json\" class=\"yoast-schema-graph\">{\"@context\":\"https:\/\/schema.org\",\"@graph\":[{\"@type\":\"WebPage\",\"@id\":\"https:\/\/www.resq-club.com\/se\/press-and-media\/\",\"url\":\"https:\/\/www.resq-club.com\/se\/press-and-media\/\",\"name\":\"Press and media - ResQ Club 2025 Se\",\"isPartOf\":{\"@id\":\"https:\/\/www.resq-club.com\/se\/#website\"},\"datePublished\":\"2025-05-15T14:17:42+00:00\",\"dateModified\":\"2025-09-18T12:04:01+00:00\",\"breadcrumb\":{\"@id\":\"https:\/\/www.resq-club.com\/se\/press-and-media\/#breadcrumb\"},\"inLanguage\":\"en-US\",\"potentialAction\":[{\"@type\":\"ReadAction\",\"target\":[\"https:\/\/www.resq-club.com\/se\/press-and-media\/\"]}]},{\"@type\":\"BreadcrumbList\",\"@id\":\"https:\/\/www.resq-club.com\/se\/press-and-media\/#breadcrumb\",\"itemListElement\":[{\"@type\":\"ListItem\",\"position\":1,\"name\":\"Home\",\"item\":\"https:\/\/www.resq-club.com\/se\/\"},{\"@type\":\"ListItem\",\"position\":2,\"name\":\"Press and media\"}]},{\"@type\":\"WebSite\",\"@id\":\"https:\/\/www.resq-club.com\/se\/#website\",\"url\":\"https:\/\/www.resq-club.com\/se\/\",\"name\":\"ResQ Club\",\"description\":\"\",\"publisher\":{\"@id\":\"https:\/\/www.resq-club.com\/se\/#organization\"},\"potentialAction\":[{\"@type\":\"SearchAction\",\"target\":{\"@type\":\"EntryPoint\",\"urlTemplate\":\"https:\/\/www.resq-club.com\/se\/?s={search_term_string}\"},\"query-input\":{\"@type\":\"PropertyValueSpecification\",\"valueRequired\":true,\"valueName\":\"search_term_string\"}}],\"inLanguage\":\"en-US\"},{\"@type\":\"Organization\",\"@id\":\"https:\/\/www.resq-club.com\/se\/#organization\",\"name\":\"ResQ Club\",\"url\":\"https:\/\/www.resq-club.com\/se\/\",\"logo\":{\"@type\":\"ImageObject\",\"inLanguage\":\"en-US\",\"@id\":\"https:\/\/www.resq-club.com\/se\/#\/schema\/logo\/image\/\",\"url\":\"https:\/\/www.resq-club.com\/wp-content\/uploads\/\/sites\/11\/2025\/01\/ResQ-logo.svg\",\"contentUrl\":\"https:\/\/www.resq-club.com\/wp-content\/uploads\/\/sites\/11\/2025\/01\/ResQ-logo.svg\",\"width\":94,\"height\":40,\"caption\":\"ResQ Club\"},\"image\":{\"@id\":\"https:\/\/www.resq-club.com\/se\/#\/schema\/logo\/image\/\"}}]}<\/script>\n<!-- \/ Yoast SEO plugin. -->","yoast_head_json":{"title":"Press and media - ResQ Club 2025 Se","robots":{"index":"index","follow":"follow","max-snippet":"max-snippet:-1","max-image-preview":"max-image-preview:large","max-video-preview":"max-video-preview:-1"},"canonical":"https:\/\/www.resq-club.com\/se\/press-and-media\/","og_locale":"en_US","og_type":"article","og_title":"Press and media - ResQ Club 2025 Se","og_description":"[vc_row unlock_row_content=&#8221;yes&#8221; row_height_percent=&#8221;0&#8243; override_padding=&#8221;yes&#8221; h_padding=&#8221;2&#8243; top_padding=&#8221;2&#8243; bottom_padding=&#8221;2&#8243; back_color=&#8221;color-wayh&#8221; overlay_alpha=&#8221;50&#8243; gutter_size=&#8221;3&#8243; column_width_percent=&#8221;100&#8243; shift_y=&#8221;0&#8243; z_index=&#8221;0&#8243; content_parallax=&#8221;0&#8243; uncode_shortcode_id=&#8221;118604&#8243; back_color_type=&#8221;uncode-palette&#8221;][vc_column column_width_percent=&#8221;100&#8243; gutter_size=&#8221;3&#8243; overlay_alpha=&#8221;50&#8243; shift_x=&#8221;0&#8243; [&hellip;]","og_url":"https:\/\/www.resq-club.com\/se\/press-and-media\/","og_site_name":"ResQ Club 2025 Se","article_modified_time":"2025-09-18T12:04:01+00:00","og_image":[{"width":1200,"height":678,"url":"https:\/\/2025.resq-club.com\/wp-content\/uploads\/\/sites\/11\/2025\/05\/resq-club-2.jpg","type":"image\/jpeg"}],"twitter_card":"summary_large_image","twitter_misc":{"Est. reading time":"2 minutes"},"schema":{"@context":"https:\/\/schema.org","@graph":[{"@type":"WebPage","@id":"https:\/\/www.resq-club.com\/se\/press-and-media\/","url":"https:\/\/www.resq-club.com\/se\/press-and-media\/","name":"Press and media - ResQ Club 2025 Se","isPartOf":{"@id":"https:\/\/www.resq-club.com\/se\/#website"},"datePublished":"2025-05-15T14:17:42+00:00","dateModified":"2025-09-18T12:04:01+00:00","breadcrumb":{"@id":"https:\/\/www.resq-club.com\/se\/press-and-media\/#breadcrumb"},"inLanguage":"en-US","potentialAction":[{"@type":"ReadAction","target":["https:\/\/www.resq-club.com\/se\/press-and-media\/"]}]},{"@type":"BreadcrumbList","@id":"https:\/\/www.resq-club.com\/se\/press-and-media\/#breadcrumb","itemListElement":[{"@type":"ListItem","position":1,"name":"Home","item":"https:\/\/www.resq-club.com\/se\/"},{"@type":"ListItem","position":2,"name":"Press and media"}]},{"@type":"WebSite","@id":"https:\/\/www.resq-club.com\/se\/#website","url":"https:\/\/www.resq-club.com\/se\/","name":"ResQ Club","description":"","publisher":{"@id":"https:\/\/www.resq-club.com\/se\/#organization"},"potentialAction":[{"@type":"SearchAction","target":{"@type":"EntryPoint","urlTemplate":"https:\/\/www.resq-club.com\/se\/?s={search_term_string}"},"query-input":{"@type":"PropertyValueSpecification","valueRequired":true,"valueName":"search_term_string"}}],"inLanguage":"en-US"},{"@type":"Organization","@id":"https:\/\/www.resq-club.com\/se\/#organization","name":"ResQ Club","url":"https:\/\/www.resq-club.com\/se\/","logo":{"@type":"ImageObject","inLanguage":"en-US","@id":"https:\/\/www.resq-club.com\/se\/#\/schema\/logo\/image\/","url":"https:\/\/www.resq-club.com\/wp-content\/uploads\/\/sites\/11\/2025\/01\/ResQ-logo.svg","contentUrl":"https:\/\/www.resq-club.com\/wp-content\/uploads\/\/sites\/11\/2025\/01\/ResQ-logo.svg","width":94,"height":40,"caption":"ResQ Club"},"image":{"@id":"https:\/\/www.resq-club.com\/se\/#\/schema\/logo\/image\/"}}]}},"lang":"sv","translations":{"sv":3308,"en":953},"pll_sync_post":[],"_links":{"self":[{"href":"https:\/\/www.resq-club.com\/se\/wp-json\/wp\/v2\/pages\/3308","targetHints":{"allow":["GET"]}}],"collection":[{"href":"https:\/\/www.resq-club.com\/se\/wp-json\/wp\/v2\/pages"}],"about":[{"href":"https:\/\/www.resq-club.com\/se\/wp-json\/wp\/v2\/types\/page"}],"author":[{"embeddable":true,"href":"https:\/\/www.resq-club.com\/se\/wp-json\/wp\/v2\/users\/3"}],"replies":[{"embeddable":true,"href":"https:\/\/www.resq-club.com\/se\/wp-json\/wp\/v2\/comments?post=3308"}],"version-history":[{"count":7,"href":"https:\/\/www.resq-club.com\/se\/wp-json\/wp\/v2\/pages\/3308\/revisions"}],"predecessor-version":[{"id":3656,"href":"https:\/\/www.resq-club.com\/se\/wp-json\/wp\/v2\/pages\/3308\/revisions\/3656"}],"wp:attachment":[{"href":"https:\/\/www.resq-club.com\/se\/wp-json\/wp\/v2\/media?parent=3308"}],"curies":[{"name":"wp","href":"https:\/\/api.w.org\/{rel}","templated":true}]}}