{"id":3223,"date":"2025-04-25T12:16:55","date_gmt":"2025-04-25T09:16:55","guid":{"rendered":"https:\/\/www.resq-club.com\/se\/?page_id=3223"},"modified":"2026-04-16T10:20:47","modified_gmt":"2026-04-16T07:20:47","slug":"om-oss","status":"publish","type":"page","link":"https:\/\/www.resq-club.com\/se\/om-oss\/","title":{"rendered":"Om oss"},"content":{"rendered":"<div class=\"wpb-content-wrapper\"><p>[vc_row unlock_row_content=&#8221;yes&#8221; row_height_percent=&#8221;0&#8243; override_padding=&#8221;yes&#8221; h_padding=&#8221;2&#8243; top_padding=&#8221;1&#8243; bottom_padding=&#8221;1&#8243; overlay_alpha=&#8221;50&#8243; gutter_size=&#8221;3&#8243; column_width_percent=&#8221;100&#8243; shift_y=&#8221;0&#8243; z_index=&#8221;0&#8243; content_parallax=&#8221;0&#8243; uncode_shortcode_id=&#8221;187619&#8243; el_class=&#8221;hero-area&#8221;][vc_column column_width_percent=&#8221;100&#8243; gutter_size=&#8221;1&#8243; back_color=&#8221;color-vyce&#8221; overlay_alpha=&#8221;50&#8243; radius=&#8221;lg&#8221; shift_x=&#8221;0&#8243; shift_y=&#8221;0&#8243; shift_y_down=&#8221;0&#8243; z_index=&#8221;0&#8243; medium_width=&#8221;0&#8243; mobile_width=&#8221;0&#8243; css_animation=&#8221;alpha-anim&#8221; animation_speed=&#8221;600&#8243; animation_delay=&#8221;600&#8243; width=&#8221;1\/1&#8243; uncode_shortcode_id=&#8221;363730&#8243; back_color_type=&#8221;uncode-palette&#8221;][vc_row_inner][vc_column_inner column_width_percent=&#8221;100&#8243; position_vertical=&#8221;middle&#8221; gutter_size=&#8221;1&#8243; overlay_alpha=&#8221;50&#8243; shift_x=&#8221;0&#8243; shift_y=&#8221;0&#8243; shift_y_down=&#8221;0&#8243; z_index=&#8221;0&#8243; medium_width=&#8221;0&#8243; mobile_width=&#8221;0&#8243; css_animation=&#8221;bottom-t-top&#8221; animation_speed=&#8221;1400&#8243; width=&#8221;1\/2&#8243; uncode_shortcode_id=&#8221;533558&#8243;][vc_custom_heading heading_semantic=&#8221;h1&#8243; text_size=&#8221;h4&#8243; uncode_shortcode_id=&#8221;192694&#8243;]<span style=\"color: #007e67\">V\u00e4lkommen till ResQ Club!<\/span> Vi g\u00f6r det enkelt, smidigt och meningsfullt att r\u00e4dda \u00f6verskottsvaror \u2013 f\u00f6r varje produkt som r\u00e4ddas fr\u00e5n soptunnan tar oss n\u00e4rmare en v\u00e4rld utan svinn.[\/vc_custom_heading][\/vc_column_inner][vc_column_inner width=&#8221;1\/2&#8243;][\/vc_column_inner][\/vc_row_inner][vc_empty_space empty_h=&#8221;2&#8243; medium_visibility=&#8221;yes&#8221; mobile_visibility=&#8221;yes&#8221;][vc_single_image media=&#8221;3158&#8243; media_width_percent=&#8221;100&#8243; media_ratio=&#8221;twentyone-nine&#8221; shape=&#8221;img-round&#8221; radius=&#8221;lg&#8221; medium_visibility=&#8221;yes&#8221; mobile_visibility=&#8221;yes&#8221; uncode_shortcode_id=&#8221;189788&#8243;][vc_single_image media=&#8221;3158&#8243; media_width_percent=&#8221;100&#8243; media_ratio=&#8221;four-five&#8221; shape=&#8221;img-round&#8221; radius=&#8221;xl&#8221; desktop_visibility=&#8221;yes&#8221; uncode_shortcode_id=&#8221;167134&#8243;][\/vc_column][\/vc_row][vc_row row_height_percent=&#8221;0&#8243; overlay_alpha=&#8221;50&#8243; gutter_size=&#8221;3&#8243; column_width_percent=&#8221;100&#8243; shift_y=&#8221;0&#8243; z_index=&#8221;0&#8243; medium_visibility=&#8221;yes&#8221; mobile_visibility=&#8221;yes&#8221; content_parallax=&#8221;0&#8243; uncode_shortcode_id=&#8221;129704&#8243;][vc_column column_width_percent=&#8221;100&#8243; gutter_size=&#8221;3&#8243; overlay_alpha=&#8221;50&#8243; shift_x=&#8221;0&#8243; shift_y=&#8221;0&#8243; shift_y_down=&#8221;0&#8243; z_index=&#8221;0&#8243; medium_visibility=&#8221;yes&#8221; medium_width=&#8221;0&#8243; mobile_visibility=&#8221;yes&#8221; mobile_width=&#8221;0&#8243; width=&#8221;1\/1&#8243; uncode_shortcode_id=&#8221;213611&#8243;][vc_empty_space empty_h=&#8221;1&#8243;][\/vc_column][\/vc_row][vc_row unlock_row=&#8221;&#8221; row_height_percent=&#8221;0&#8243; override_padding=&#8221;yes&#8221; h_padding=&#8221;2&#8243; top_padding=&#8221;2&#8243; bottom_padding=&#8221;3&#8243; overlay_alpha=&#8221;50&#8243; gutter_size=&#8221;4&#8243; column_width_percent=&#8221;100&#8243; shift_y=&#8221;0&#8243; z_index=&#8221;0&#8243; inverted_device_order=&#8221;yes&#8221; content_parallax=&#8221;0&#8243; uncode_shortcode_id=&#8221;194887&#8243;][vc_column column_width_percent=&#8221;100&#8243; gutter_size=&#8221;3&#8243; overlay_alpha=&#8221;50&#8243; shift_x=&#8221;0&#8243; shift_y=&#8221;0&#8243; shift_y_down=&#8221;0&#8243; z_index=&#8221;0&#8243; medium_width=&#8221;0&#8243; mobile_width=&#8221;0&#8243; width=&#8221;1\/2&#8243; uncode_shortcode_id=&#8221;119860&#8243;][vc_single_image media=&#8221;2907&#8243; media_width_percent=&#8221;100&#8243; media_ratio=&#8221;four-three&#8221; alignment=&#8221;center&#8221; shape=&#8221;img-round&#8221; radius=&#8221;lg&#8221; uncode_shortcode_id=&#8221;727147&#8243;][\/vc_column][vc_column column_width_percent=&#8221;100&#8243; position_vertical=&#8221;middle&#8221; gutter_size=&#8221;3&#8243; overlay_alpha=&#8221;50&#8243; shift_x=&#8221;0&#8243; shift_y=&#8221;0&#8243; shift_y_down=&#8221;0&#8243; z_index=&#8221;0&#8243; medium_width=&#8221;0&#8243; mobile_width=&#8221;0&#8243; width=&#8221;1\/2&#8243; uncode_shortcode_id=&#8221;197309&#8243;][vc_custom_heading text_color=&#8221;color-lxmt&#8221; uncode_shortcode_id=&#8221;141977&#8243; text_color_type=&#8221;uncode-palette&#8221;]Vi \u00e4r p\u00e5 v\u00e4g mot en v\u00e4rld utan svinn[\/vc_custom_heading][vc_column_text uncode_shortcode_id=&#8221;157703&#8243;]ResQ Club f\u00f6renar h\u00e5llbara verksamheter och f\u00f6retag med konsumenter som letar efter bra erbjudanden. Med v\u00e5r mobilapp kan kunder enkelt hitta och r\u00e4dda \u00f6verskottsprodukter i n\u00e4rheten \u2013 samtidigt som de hj\u00e4lper f\u00f6retag att minska svinn och t\u00e4cka kostnader.<\/p>\n<p>Men ResQ \u00e4r mer \u00e4n bara en app. Det \u00e4r en v\u00e4xande gemenskap som tror att \u00f6verskottsprodukter f\u00f6rtj\u00e4nar en ny chans.[\/vc_column_text][\/vc_column][\/vc_row][vc_row row_height_percent=&#8221;0&#8243; override_padding=&#8221;yes&#8221; h_padding=&#8221;0&#8243; top_padding=&#8221;3&#8243; bottom_padding=&#8221;0&#8243; overlay_alpha=&#8221;50&#8243; gutter_size=&#8221;3&#8243; column_width_percent=&#8221;100&#8243; shift_y=&#8221;0&#8243; z_index=&#8221;0&#8243; content_parallax=&#8221;0&#8243; uncode_shortcode_id=&#8221;134910&#8243;][vc_column column_width_percent=&#8221;100&#8243; gutter_size=&#8221;1&#8243; overlay_alpha=&#8221;50&#8243; shift_x=&#8221;0&#8243; shift_y=&#8221;0&#8243; shift_y_down=&#8221;0&#8243; z_index=&#8221;0&#8243; desktop_visibility=&#8221;yes&#8221; align_medium=&#8221;align_center_tablet&#8221; medium_width=&#8221;0&#8243; align_mobile=&#8221;align_center_mobile&#8221; mobile_width=&#8221;0&#8243; width=&#8221;1\/1&#8243; uncode_shortcode_id=&#8221;174134&#8243;][vc_single_image media=&#8221;2023&#8243; media_width_percent=&#8221;100&#8243; desktop_visibility=&#8221;yes&#8221; medium_visibility=&#8221;yes&#8221; uncode_shortcode_id=&#8221;140991&#8243;][\/vc_column][\/vc_row][vc_row row_height_percent=&#8221;0&#8243; override_padding=&#8221;yes&#8221; h_padding=&#8221;2&#8243; top_padding=&#8221;2&#8243; bottom_padding=&#8221;2&#8243; overlay_alpha=&#8221;50&#8243; gutter_size=&#8221;3&#8243; column_width_percent=&#8221;100&#8243; shift_y=&#8221;0&#8243; z_index=&#8221;0&#8243; mobile_visibility=&#8221;yes&#8221; content_parallax=&#8221;0&#8243; uncode_shortcode_id=&#8221;147263&#8243;][vc_column width=&#8221;1\/1&#8243;][vc_row_inner row_inner_height_percent=&#8221;0&#8243; overlay_alpha=&#8221;50&#8243; gutter_size=&#8221;3&#8243; shift_y=&#8221;0&#8243; z_index=&#8221;0&#8243; uncode_shortcode_id=&#8221;910458&#8243;][vc_column_inner column_width_percent=&#8221;80&#8243; align_horizontal=&#8221;align_center&#8221; gutter_size=&#8221;1&#8243; override_padding=&#8221;yes&#8221; column_padding=&#8221;0&#8243; overlay_alpha=&#8221;50&#8243; shift_x=&#8221;0&#8243; shift_y=&#8221;0&#8243; shift_y_down=&#8221;0&#8243; z_index=&#8221;0&#8243; medium_width=&#8221;0&#8243; mobile_width=&#8221;0&#8243; width=&#8221;1\/1&#8243; uncode_shortcode_id=&#8221;432414&#8243;][vc_single_image media=&#8221;1708&#8243; media_width_percent=&#8221;100&#8243; alignment=&#8221;center&#8221; mobile_visibility=&#8221;yes&#8221; uncode_shortcode_id=&#8221;158890&#8243;][\/vc_column_inner][\/vc_row_inner][\/vc_column][\/vc_row][vc_row row_height_percent=&#8221;0&#8243; override_padding=&#8221;yes&#8221; h_padding=&#8221;2&#8243; top_padding=&#8221;0&#8243; bottom_padding=&#8221;2&#8243; overlay_alpha=&#8221;50&#8243; gutter_size=&#8221;4&#8243; column_width_percent=&#8221;100&#8243; shift_y=&#8221;0&#8243; z_index=&#8221;0&#8243; content_parallax=&#8221;0&#8243; uncode_shortcode_id=&#8221;374970&#8243;][vc_column width=&#8221;1\/2&#8243;][vc_custom_heading text_size=&#8221;h4&#8243; uncode_shortcode_id=&#8221;201994&#8243;]Varje r\u00e4ddad vara \u00e4r <span style=\"color: #007e67\">en ber\u00e4ttelse v\u00e4rd att dela.<\/span>[\/vc_custom_heading][\/vc_column][vc_column width=&#8221;1\/2&#8243;][vc_column_text uncode_shortcode_id=&#8221;995955&#8243;]Det h\u00e4r \u00e4r historien om hur ResQ b\u00f6rjade.<\/p>\n<p>Det var en g\u00e5ng en ensam croissant som blev kvar. Den var fortfarande i toppform, men klockan n\u00e4rmade sig st\u00e4ngning&#8230;<\/p>\n<p>Detta v\u00e4ckte en id\u00e9. ResQ Club f\u00f6ddes 2016 i Helsingfors med ett enkelt men ambiti\u00f6st m\u00e5l:<br \/>\nAtt minska matsvinn \u2013 fr\u00e5n jord till bord \u2013 och ge \u00f6verskottsprodukter en andra chans. M\u00e5ltid f\u00f6r m\u00e5ltid v\u00e4xte vi till en community som vill g\u00f6ra verklig skillnad.<\/p>\n<p>Och n\u00e4r vi fortsatte r\u00e4dda, ins\u00e5g vi att historien inte slutade med mat. Det fanns blommor, kosmetik och andra varor som ocks\u00e5 riskerade att sl\u00e4ngas, trots att de fortfarande kunde anv\u00e4ndas.<\/p>\n<p>S\u00e5 vi breddade v\u00e5r mission \u2013 fr\u00e5n livsmedel till en m\u00e4ngd olika produkter. Idag r\u00e4ddar vi alla sorters \u00f6verskott och ger varje vara en ny chans.<\/p>\n<p>Croissanten \u2013 och miljoner andra produkter \u2013 har f\u00e5tt sina lyckliga slut. Men historien \u00e4r l\u00e5ngt ifr\u00e5n \u00f6ver. Vad kommer du att r\u00e4dda h\u00e4rn\u00e4st?[\/vc_column_text][\/vc_column][\/vc_row][vc_row row_height_percent=&#8221;0&#8243; override_padding=&#8221;yes&#8221; h_padding=&#8221;2&#8243; top_padding=&#8221;2&#8243; bottom_padding=&#8221;3&#8243; overlay_alpha=&#8221;50&#8243; gutter_size=&#8221;3&#8243; column_width_percent=&#8221;100&#8243; shift_y=&#8221;0&#8243; z_index=&#8221;0&#8243; content_parallax=&#8221;0&#8243; uncode_shortcode_id=&#8221;449836&#8243;][vc_column column_width_percent=&#8221;100&#8243; align_horizontal=&#8221;align_center&#8221; gutter_size=&#8221;3&#8243; overlay_alpha=&#8221;50&#8243; shift_x=&#8221;0&#8243; shift_y=&#8221;0&#8243; shift_y_down=&#8221;0&#8243; z_index=&#8221;0&#8243; medium_width=&#8221;0&#8243; mobile_width=&#8221;0&#8243; width=&#8221;1\/1&#8243; uncode_shortcode_id=&#8221;197177&#8243; el_class=&#8221;custom-button&#8221;][vc_button button_color=&#8221;color-lxmt&#8221; custom_typo=&#8221;yes&#8221; font_family=&#8221;font-555555&#8243; font_weight=&#8221;600&#8243; border_width=&#8221;0&#8243; uncode_shortcode_id=&#8221;193870&#8243; link=&#8221;url:https%3A%2F%2Fwww.resq-club.com%2Fse%2Fkontakta-oss%2F|title:Our%20mission&#8221; button_color_type=&#8221;uncode-palette&#8221; el_class=&#8221;mobile-full-width&#8221;]Vill du veta mer? H\u00f6r av dig![\/vc_button][\/vc_column][\/vc_row][vc_row row_height_percent=&#8221;0&#8243; override_padding=&#8221;yes&#8221; h_padding=&#8221;2&#8243; top_padding=&#8221;1&#8243; bottom_padding=&#8221;2&#8243; overlay_alpha=&#8221;50&#8243; equal_height=&#8221;yes&#8221; gutter_size=&#8221;5&#8243; column_width_percent=&#8221;100&#8243; shift_y=&#8221;0&#8243; z_index=&#8221;0&#8243; content_parallax=&#8221;0&#8243; uncode_shortcode_id=&#8221;171910&#8243;][vc_column column_width_percent=&#8221;100&#8243; gutter_size=&#8221;1&#8243; override_padding=&#8221;yes&#8221; column_padding=&#8221;1&#8243; back_color=&#8221;color-vyce&#8221; overlay_alpha=&#8221;50&#8243; radius=&#8221;xl&#8221; shift_x=&#8221;0&#8243; shift_y=&#8221;0&#8243; shift_y_down=&#8221;0&#8243; z_index=&#8221;0&#8243; medium_width=&#8221;0&#8243; mobile_width=&#8221;0&#8243; width=&#8221;1\/1&#8243; uncode_shortcode_id=&#8221;835671&#8243; back_color_type=&#8221;uncode-palette&#8221; el_class=&#8221;custom-buttons&#8221;][vc_row_inner row_inner_height_percent=&#8221;0&#8243; overlay_alpha=&#8221;50&#8243; gutter_size=&#8221;1&#8243; shift_y=&#8221;0&#8243; z_index=&#8221;0&#8243; uncode_shortcode_id=&#8221;174553&#8243;][vc_column_inner column_width_percent=&#8221;100&#8243; gutter_size=&#8221;3&#8243; override_padding=&#8221;yes&#8221; column_padding=&#8221;3&#8243; overlay_alpha=&#8221;50&#8243; shift_x=&#8221;0&#8243; shift_y=&#8221;0&#8243; shift_y_down=&#8221;0&#8243; z_index=&#8221;0&#8243; medium_width=&#8221;0&#8243; mobile_width=&#8221;0&#8243; width=&#8221;1\/2&#8243; uncode_shortcode_id=&#8221;959192&#8243;][vc_custom_heading heading_semantic=&#8221;h4&#8243; text_size=&#8221;h3&#8243; uncode_shortcode_id=&#8221;871754&#8243;]Tillsammans har vi r\u00e4ddat <span class=\"number-block\" style=\"color: #007e67\">20 000 000 +<\/span> produkter fr\u00e5n att g\u00e5 till spillo.[\/vc_custom_heading][\/vc_column_inner][vc_column_inner column_width_percent=&#8221;100&#8243; position_horizontal=&#8221;right&#8221; gutter_size=&#8221;3&#8243; override_padding=&#8221;yes&#8221; column_padding=&#8221;3&#8243; overlay_alpha=&#8221;50&#8243; shift_x=&#8221;0&#8243; shift_y=&#8221;0&#8243; shift_y_down=&#8221;0&#8243; z_index=&#8221;0&#8243; medium_width=&#8221;0&#8243; mobile_width=&#8221;0&#8243; width=&#8221;1\/2&#8243; uncode_shortcode_id=&#8221;150517&#8243;][vc_column_text text_lead=&#8221;yes&#8221; uncode_shortcode_id=&#8221;126176&#8243;]<strong>Var med och g\u00f6r skillnad!<\/strong>[\/vc_column_text][vc_empty_space empty_h=&#8221;1&#8243;][vc_button button_color=&#8221;accent&#8221; border_width=&#8221;0&#8243; display=&#8221;inline&#8221; uncode_shortcode_id=&#8221;834595&#8243; button_color_type=&#8221;uncode-palette&#8221; el_class=&#8221;mobile-full-width popmake-3034&#8243;]Ladda ner ResQ-appen[\/vc_button][vc_button button_color=&#8221;accent&#8221; hover_fx=&#8221;outlined&#8221; outline=&#8221;yes&#8221; border_width=&#8221;0&#8243; display=&#8221;inline&#8221; uncode_shortcode_id=&#8221;151641&#8243; button_color_type=&#8221;uncode-palette&#8221; el_class=&#8221;mobile-full-width popmake-3026&#8243;]B\u00f6rja s\u00e4lja med ResQ[\/vc_button][\/vc_column_inner][\/vc_row_inner][\/vc_column][\/vc_row][vc_row row_height_percent=&#8221;0&#8243; override_padding=&#8221;yes&#8221; h_padding=&#8221;0&#8243; top_padding=&#8221;1&#8243; bottom_padding=&#8221;1&#8243; back_color=&#8221;color-uydo&#8221; overlay_alpha=&#8221;50&#8243; gutter_size=&#8221;3&#8243; column_width_percent=&#8221;100&#8243; shift_y=&#8221;0&#8243; z_index=&#8221;0&#8243; content_parallax=&#8221;0&#8243; uncode_shortcode_id=&#8221;201491&#8243; back_color_type=&#8221;uncode-palette&#8221;][vc_column column_width_percent=&#8221;100&#8243; gutter_size=&#8221;3&#8243; back_color=&#8221;color-uydo&#8221; overlay_alpha=&#8221;50&#8243; shift_x=&#8221;0&#8243; shift_y=&#8221;0&#8243; shift_y_down=&#8221;0&#8243; z_index=&#8221;0&#8243; medium_width=&#8221;0&#8243; mobile_width=&#8221;0&#8243; width=&#8221;1\/1&#8243; uncode_shortcode_id=&#8221;154965&#8243; back_color_type=&#8221;uncode-palette&#8221;][vc_row_inner row_inner_height_percent=&#8221;0&#8243; overlay_alpha=&#8221;50&#8243; gutter_size=&#8221;6&#8243; shift_y=&#8221;0&#8243; z_index=&#8221;0&#8243; uncode_shortcode_id=&#8221;114048&#8243;][vc_column_inner column_width_percent=&#8221;70&#8243; position_horizontal=&#8221;left&#8221; position_vertical=&#8221;middle&#8221; gutter_size=&#8221;3&#8243; overlay_alpha=&#8221;50&#8243; shift_x=&#8221;0&#8243; shift_y=&#8221;0&#8243; shift_y_down=&#8221;0&#8243; z_index=&#8221;0&#8243; medium_width=&#8221;0&#8243; mobile_width=&#8221;0&#8243; width=&#8221;1\/2&#8243; uncode_shortcode_id=&#8221;128666&#8243;][vc_custom_heading heading_semantic=&#8221;h4&#8243; text_size=&#8221;h4&#8243; uncode_shortcode_id=&#8221;158241&#8243;]Vill du jobba med oss?[\/vc_custom_heading][vc_button size=&#8221;link&#8221; custom_typo=&#8221;yes&#8221; font_family=&#8221;font-555555&#8243; font_weight=&#8221;600&#8243; icon_position=&#8221;right&#8221; icon=&#8221;fa fa-arrow-right2&#8243; uncode_shortcode_id=&#8221;184553&#8243; link=&#8221;url:https%3A%2F%2Fcareers.resq-club.com%2F|target:_blank&#8221;]Kolla in v\u00e5ra lediga tj\u00e4nster[\/vc_button][\/vc_column_inner][vc_column_inner width=&#8221;1\/2&#8243;][vc_single_image media=&#8221;822&#8243; media_width_percent=&#8221;90&#8243; alignment=&#8221;right&#8221; shape=&#8221;img-round&#8221; radius=&#8221;lg&#8221; medium_visibility=&#8221;yes&#8221; mobile_visibility=&#8221;yes&#8221; uncode_shortcode_id=&#8221;520401&#8243;][vc_single_image media=&#8221;822&#8243; media_width_percent=&#8221;100&#8243; alignment=&#8221;center&#8221; shape=&#8221;img-round&#8221; radius=&#8221;lg&#8221; desktop_visibility=&#8221;yes&#8221; uncode_shortcode_id=&#8221;688602&#8243;][\/vc_column_inner][\/vc_row_inner][\/vc_column][\/vc_row]<\/p>\n<\/div>","protected":false},"excerpt":{"rendered":"<p>[vc_row unlock_row_content=&#8221;yes&#8221; row_height_percent=&#8221;0&#8243; override_padding=&#8221;yes&#8221; h_padding=&#8221;2&#8243; top_padding=&#8221;1&#8243; bottom_padding=&#8221;1&#8243; overlay_alpha=&#8221;50&#8243; gutter_size=&#8221;3&#8243; column_width_percent=&#8221;100&#8243; shift_y=&#8221;0&#8243; z_index=&#8221;0&#8243; content_parallax=&#8221;0&#8243; uncode_shortcode_id=&#8221;187619&#8243; el_class=&#8221;hero-area&#8221;][vc_column column_width_percent=&#8221;100&#8243; gutter_size=&#8221;1&#8243; back_color=&#8221;color-vyce&#8221; overlay_alpha=&#8221;50&#8243; radius=&#8221;lg&#8221; [&hellip;]<\/p>\n","protected":false},"author":2,"featured_media":0,"parent":0,"menu_order":0,"comment_status":"closed","ping_status":"closed","template":"","meta":{"footnotes":""},"class_list":["post-3223","page","type-page","status-publish","hentry"],"yoast_head":"<!-- This site is optimized with the Yoast SEO plugin v26.9 - https:\/\/yoast.com\/product\/yoast-seo-wordpress\/ -->\n<title>Om oss - ResQ Club 2025 Se<\/title>\n<meta name=\"robots\" content=\"index, follow, max-snippet:-1, max-image-preview:large, max-video-preview:-1\" \/>\n<link rel=\"canonical\" href=\"https:\/\/www.resq-club.com\/se\/om-oss\/\" \/>\n<meta property=\"og:locale\" content=\"en_US\" \/>\n<meta property=\"og:type\" content=\"article\" \/>\n<meta property=\"og:title\" content=\"Om oss - ResQ Club 2025 Se\" \/>\n<meta property=\"og:description\" content=\"[vc_row unlock_row_content=&#8221;yes&#8221; row_height_percent=&#8221;0&#8243; override_padding=&#8221;yes&#8221; h_padding=&#8221;2&#8243; top_padding=&#8221;1&#8243; bottom_padding=&#8221;1&#8243; overlay_alpha=&#8221;50&#8243; gutter_size=&#8221;3&#8243; column_width_percent=&#8221;100&#8243; shift_y=&#8221;0&#8243; z_index=&#8221;0&#8243; content_parallax=&#8221;0&#8243; uncode_shortcode_id=&#8221;187619&#8243; el_class=&#8221;hero-area&#8221;][vc_column column_width_percent=&#8221;100&#8243; gutter_size=&#8221;1&#8243; back_color=&#8221;color-vyce&#8221; overlay_alpha=&#8221;50&#8243; radius=&#8221;lg&#8221; [&hellip;]\" \/>\n<meta property=\"og:url\" content=\"https:\/\/www.resq-club.com\/se\/om-oss\/\" \/>\n<meta property=\"og:site_name\" content=\"ResQ Club 2025 Se\" \/>\n<meta property=\"article:modified_time\" content=\"2026-04-16T07:20:47+00:00\" \/>\n<meta property=\"og:image\" content=\"https:\/\/2025.resq-club.com\/wp-content\/uploads\/\/sites\/11\/2025\/05\/resq-club-2.jpg\" \/>\n\t<meta property=\"og:image:width\" content=\"1200\" \/>\n\t<meta property=\"og:image:height\" content=\"678\" \/>\n\t<meta property=\"og:image:type\" content=\"image\/jpeg\" \/>\n<meta name=\"twitter:card\" content=\"summary_large_image\" \/>\n<meta name=\"twitter:label1\" content=\"Est. reading time\" \/>\n\t<meta name=\"twitter:data1\" content=\"4 minutes\" \/>\n<script type=\"application\/ld+json\" class=\"yoast-schema-graph\">{\"@context\":\"https:\/\/schema.org\",\"@graph\":[{\"@type\":\"WebPage\",\"@id\":\"https:\/\/www.resq-club.com\/se\/om-oss\/\",\"url\":\"https:\/\/www.resq-club.com\/se\/om-oss\/\",\"name\":\"Om oss - ResQ Club 2025 Se\",\"isPartOf\":{\"@id\":\"https:\/\/www.resq-club.com\/se\/#website\"},\"datePublished\":\"2025-04-25T09:16:55+00:00\",\"dateModified\":\"2026-04-16T07:20:47+00:00\",\"breadcrumb\":{\"@id\":\"https:\/\/www.resq-club.com\/se\/om-oss\/#breadcrumb\"},\"inLanguage\":\"en-US\",\"potentialAction\":[{\"@type\":\"ReadAction\",\"target\":[\"https:\/\/www.resq-club.com\/se\/om-oss\/\"]}]},{\"@type\":\"BreadcrumbList\",\"@id\":\"https:\/\/www.resq-club.com\/se\/om-oss\/#breadcrumb\",\"itemListElement\":[{\"@type\":\"ListItem\",\"position\":1,\"name\":\"Home\",\"item\":\"https:\/\/www.resq-club.com\/se\/\"},{\"@type\":\"ListItem\",\"position\":2,\"name\":\"Om oss\"}]},{\"@type\":\"WebSite\",\"@id\":\"https:\/\/www.resq-club.com\/se\/#website\",\"url\":\"https:\/\/www.resq-club.com\/se\/\",\"name\":\"ResQ Club\",\"description\":\"\",\"publisher\":{\"@id\":\"https:\/\/www.resq-club.com\/se\/#organization\"},\"potentialAction\":[{\"@type\":\"SearchAction\",\"target\":{\"@type\":\"EntryPoint\",\"urlTemplate\":\"https:\/\/www.resq-club.com\/se\/?s={search_term_string}\"},\"query-input\":{\"@type\":\"PropertyValueSpecification\",\"valueRequired\":true,\"valueName\":\"search_term_string\"}}],\"inLanguage\":\"en-US\"},{\"@type\":\"Organization\",\"@id\":\"https:\/\/www.resq-club.com\/se\/#organization\",\"name\":\"ResQ Club\",\"url\":\"https:\/\/www.resq-club.com\/se\/\",\"logo\":{\"@type\":\"ImageObject\",\"inLanguage\":\"en-US\",\"@id\":\"https:\/\/www.resq-club.com\/se\/#\/schema\/logo\/image\/\",\"url\":\"https:\/\/www.resq-club.com\/wp-content\/uploads\/\/sites\/11\/2025\/01\/ResQ-logo.svg\",\"contentUrl\":\"https:\/\/www.resq-club.com\/wp-content\/uploads\/\/sites\/11\/2025\/01\/ResQ-logo.svg\",\"width\":94,\"height\":40,\"caption\":\"ResQ Club\"},\"image\":{\"@id\":\"https:\/\/www.resq-club.com\/se\/#\/schema\/logo\/image\/\"}}]}<\/script>\n<!-- \/ Yoast SEO plugin. -->","yoast_head_json":{"title":"Om oss - ResQ Club 2025 Se","robots":{"index":"index","follow":"follow","max-snippet":"max-snippet:-1","max-image-preview":"max-image-preview:large","max-video-preview":"max-video-preview:-1"},"canonical":"https:\/\/www.resq-club.com\/se\/om-oss\/","og_locale":"en_US","og_type":"article","og_title":"Om oss - ResQ Club 2025 Se","og_description":"[vc_row unlock_row_content=&#8221;yes&#8221; row_height_percent=&#8221;0&#8243; override_padding=&#8221;yes&#8221; h_padding=&#8221;2&#8243; top_padding=&#8221;1&#8243; bottom_padding=&#8221;1&#8243; overlay_alpha=&#8221;50&#8243; gutter_size=&#8221;3&#8243; column_width_percent=&#8221;100&#8243; shift_y=&#8221;0&#8243; z_index=&#8221;0&#8243; content_parallax=&#8221;0&#8243; uncode_shortcode_id=&#8221;187619&#8243; el_class=&#8221;hero-area&#8221;][vc_column column_width_percent=&#8221;100&#8243; gutter_size=&#8221;1&#8243; back_color=&#8221;color-vyce&#8221; overlay_alpha=&#8221;50&#8243; radius=&#8221;lg&#8221; [&hellip;]","og_url":"https:\/\/www.resq-club.com\/se\/om-oss\/","og_site_name":"ResQ Club 2025 Se","article_modified_time":"2026-04-16T07:20:47+00:00","og_image":[{"width":1200,"height":678,"url":"https:\/\/2025.resq-club.com\/wp-content\/uploads\/\/sites\/11\/2025\/05\/resq-club-2.jpg","type":"image\/jpeg"}],"twitter_card":"summary_large_image","twitter_misc":{"Est. reading time":"4 minutes"},"schema":{"@context":"https:\/\/schema.org","@graph":[{"@type":"WebPage","@id":"https:\/\/www.resq-club.com\/se\/om-oss\/","url":"https:\/\/www.resq-club.com\/se\/om-oss\/","name":"Om oss - ResQ Club 2025 Se","isPartOf":{"@id":"https:\/\/www.resq-club.com\/se\/#website"},"datePublished":"2025-04-25T09:16:55+00:00","dateModified":"2026-04-16T07:20:47+00:00","breadcrumb":{"@id":"https:\/\/www.resq-club.com\/se\/om-oss\/#breadcrumb"},"inLanguage":"en-US","potentialAction":[{"@type":"ReadAction","target":["https:\/\/www.resq-club.com\/se\/om-oss\/"]}]},{"@type":"BreadcrumbList","@id":"https:\/\/www.resq-club.com\/se\/om-oss\/#breadcrumb","itemListElement":[{"@type":"ListItem","position":1,"name":"Home","item":"https:\/\/www.resq-club.com\/se\/"},{"@type":"ListItem","position":2,"name":"Om oss"}]},{"@type":"WebSite","@id":"https:\/\/www.resq-club.com\/se\/#website","url":"https:\/\/www.resq-club.com\/se\/","name":"ResQ Club","description":"","publisher":{"@id":"https:\/\/www.resq-club.com\/se\/#organization"},"potentialAction":[{"@type":"SearchAction","target":{"@type":"EntryPoint","urlTemplate":"https:\/\/www.resq-club.com\/se\/?s={search_term_string}"},"query-input":{"@type":"PropertyValueSpecification","valueRequired":true,"valueName":"search_term_string"}}],"inLanguage":"en-US"},{"@type":"Organization","@id":"https:\/\/www.resq-club.com\/se\/#organization","name":"ResQ Club","url":"https:\/\/www.resq-club.com\/se\/","logo":{"@type":"ImageObject","inLanguage":"en-US","@id":"https:\/\/www.resq-club.com\/se\/#\/schema\/logo\/image\/","url":"https:\/\/www.resq-club.com\/wp-content\/uploads\/\/sites\/11\/2025\/01\/ResQ-logo.svg","contentUrl":"https:\/\/www.resq-club.com\/wp-content\/uploads\/\/sites\/11\/2025\/01\/ResQ-logo.svg","width":94,"height":40,"caption":"ResQ Club"},"image":{"@id":"https:\/\/www.resq-club.com\/se\/#\/schema\/logo\/image\/"}}]}},"lang":"sv","translations":{"sv":3223,"en":182},"pll_sync_post":[],"_links":{"self":[{"href":"https:\/\/www.resq-club.com\/se\/wp-json\/wp\/v2\/pages\/3223","targetHints":{"allow":["GET"]}}],"collection":[{"href":"https:\/\/www.resq-club.com\/se\/wp-json\/wp\/v2\/pages"}],"about":[{"href":"https:\/\/www.resq-club.com\/se\/wp-json\/wp\/v2\/types\/page"}],"author":[{"embeddable":true,"href":"https:\/\/www.resq-club.com\/se\/wp-json\/wp\/v2\/users\/2"}],"replies":[{"embeddable":true,"href":"https:\/\/www.resq-club.com\/se\/wp-json\/wp\/v2\/comments?post=3223"}],"version-history":[{"count":14,"href":"https:\/\/www.resq-club.com\/se\/wp-json\/wp\/v2\/pages\/3223\/revisions"}],"predecessor-version":[{"id":3736,"href":"https:\/\/www.resq-club.com\/se\/wp-json\/wp\/v2\/pages\/3223\/revisions\/3736"}],"wp:attachment":[{"href":"https:\/\/www.resq-club.com\/se\/wp-json\/wp\/v2\/media?parent=3223"}],"curies":[{"name":"wp","href":"https:\/\/api.w.org\/{rel}","templated":true}]}}