{"id":3618,"date":"2026-04-16T13:35:05","date_gmt":"2026-04-16T10:35:05","guid":{"rendered":"https:\/\/www.resq-club.com\/et\/?page_id=3618"},"modified":"2026-04-16T13:35:05","modified_gmt":"2026-04-16T10:35:05","slug":"partnerid","status":"publish","type":"page","link":"https:\/\/www.resq-club.com\/et\/partnerid\/","title":{"rendered":"Partnerid"},"content":{"rendered":"<div class=\"wpb-content-wrapper\"><p>[vc_row][vc_column column_width_percent=&#8221;100&#8243; align_horizontal=&#8221;align_center&#8221; gutter_size=&#8221;3&#8243; overlay_alpha=&#8221;50&#8243; shift_x=&#8221;0&#8243; shift_y=&#8221;0&#8243; shift_y_down=&#8221;0&#8243; z_index=&#8221;0&#8243; medium_width=&#8221;0&#8243; mobile_width=&#8221;0&#8243; width=&#8221;1\/1&#8243; uncode_shortcode_id=&#8221;124897&#8243;][vc_empty_space empty_h=&#8221;2&#8243;][vc_custom_heading text_size=&#8221;&#8221; uncode_shortcode_id=&#8221;198349&#8243;]<span style=\"font-weight: 400\">Koost\u00f6\u00f6lepingud<\/span>[\/vc_custom_heading][vc_column_text uncode_shortcode_id=&#8221;187301&#8243;]<span style=\"font-weight: 400\">Palun leidke allpool k\u00f5ik juriidilised dokumendid, mis puudutavad meie koost\u00f6\u00f6d toiduj\u00e4\u00e4tmete v\u00e4hendamiseks, muutes teie \u00fclej\u00e4\u00e4va toidu tuluks.<\/span>[\/vc_column_text][\/vc_column][\/vc_row][vc_row unlock_row=&#8221;&#8221; row_height_percent=&#8221;0&#8243; override_padding=&#8221;yes&#8221; h_padding=&#8221;2&#8243; top_padding=&#8221;2&#8243; bottom_padding=&#8221;2&#8243; overlay_alpha=&#8221;50&#8243; equal_height=&#8221;yes&#8221; gutter_size=&#8221;2&#8243; column_width_percent=&#8221;100&#8243; shift_y=&#8221;0&#8243; z_index=&#8221;0&#8243; content_parallax=&#8221;0&#8243; uncode_shortcode_id=&#8221;132844&#8243;][vc_column column_width_percent=&#8221;100&#8243; position_vertical=&#8221;justify&#8221; gutter_size=&#8221;2&#8243; override_padding=&#8221;yes&#8221; column_padding=&#8221;0&#8243; back_color=&#8221;color-973549&#8243; overlay_alpha=&#8221;50&#8243; radius=&#8221;xl&#8221; shift_x=&#8221;0&#8243; shift_y=&#8221;0&#8243; shift_y_down=&#8221;0&#8243; z_index=&#8221;0&#8243; medium_width=&#8221;0&#8243; mobile_width=&#8221;0&#8243; width=&#8221;1\/3&#8243; uncode_shortcode_id=&#8221;176836&#8243; back_color_type=&#8221;uncode-palette&#8221;][vc_row_inner row_inner_height_percent=&#8221;0&#8243; overlay_alpha=&#8221;50&#8243; gutter_size=&#8221;3&#8243; shift_y=&#8221;0&#8243; z_index=&#8221;0&#8243; uncode_shortcode_id=&#8221;213310&#8243; css=&#8221;.vc_custom_1739956745326{padding-top: 15px !important;}&#8221;][vc_column_inner column_width_percent=&#8221;80&#8243; align_horizontal=&#8221;align_center&#8221; gutter_size=&#8221;3&#8243; override_padding=&#8221;yes&#8221; column_padding=&#8221;2&#8243; overlay_alpha=&#8221;50&#8243; shift_x=&#8221;0&#8243; shift_y=&#8221;0&#8243; shift_y_down=&#8221;0&#8243; z_index=&#8221;0&#8243; medium_width=&#8221;0&#8243; mobile_width=&#8221;0&#8243; width=&#8221;1\/1&#8243; uncode_shortcode_id=&#8221;116102&#8243;][vc_custom_heading heading_semantic=&#8221;h5&#8243; text_size=&#8221;&#8221; text_weight=&#8221;400&#8243; uncode_shortcode_id=&#8221;150585&#8243;]<a href=\"https:\/\/www.resq-club.com\/et\/partnerluslepingu\/\"><span style=\"font-weight: 400\">Koost\u00f6\u00f6leping<\/span><\/a>[\/vc_custom_heading][vc_column_text uncode_shortcode_id=&#8221;171317&#8243;]<span style=\"font-weight: 400\">L\u00fchike <a href=\"https:\/\/www.resq-club.com\/et\/partnerluslepingu\/\">\u00fclevaade teie koost\u00f6\u00f6leping<\/a> ja t\u00e4ielik leping PDF-vormingus. T\u00e4ielikule lepingule p\u00e4\u00e4sete ka otse ligi <a href=\"https:\/\/www.resq-club.com\/wp-content\/uploads\/2025\/08\/Partnership-Agreement_-The-ResQ-Service_.pdf\">siit<\/a>.<\/span>[\/vc_column_text][\/vc_column_inner][\/vc_row_inner][\/vc_column][vc_column column_width_percent=&#8221;100&#8243; position_vertical=&#8221;justify&#8221; gutter_size=&#8221;2&#8243; override_padding=&#8221;yes&#8221; column_padding=&#8221;0&#8243; back_color=&#8221;color-550006&#8243; overlay_alpha=&#8221;50&#8243; radius=&#8221;xl&#8221; shift_x=&#8221;0&#8243; shift_y=&#8221;0&#8243; shift_y_down=&#8221;0&#8243; z_index=&#8221;0&#8243; medium_width=&#8221;0&#8243; mobile_width=&#8221;0&#8243; width=&#8221;1\/3&#8243; uncode_shortcode_id=&#8221;347002&#8243; back_color_type=&#8221;uncode-palette&#8221;][vc_row_inner row_inner_height_percent=&#8221;0&#8243; overlay_alpha=&#8221;50&#8243; gutter_size=&#8221;3&#8243; shift_y=&#8221;0&#8243; z_index=&#8221;0&#8243; uncode_shortcode_id=&#8221;152701&#8243; css=&#8221;.vc_custom_1739956751617{padding-top: 15px !important;}&#8221;][vc_column_inner column_width_percent=&#8221;80&#8243; align_horizontal=&#8221;align_center&#8221; gutter_size=&#8221;3&#8243; override_padding=&#8221;yes&#8221; column_padding=&#8221;2&#8243; overlay_alpha=&#8221;50&#8243; shift_x=&#8221;0&#8243; shift_y=&#8221;0&#8243; shift_y_down=&#8221;0&#8243; z_index=&#8221;0&#8243; medium_width=&#8221;0&#8243; mobile_width=&#8221;0&#8243; width=&#8221;1\/1&#8243; uncode_shortcode_id=&#8221;182587&#8243;][vc_custom_heading heading_semantic=&#8221;h5&#8243; text_size=&#8221;&#8221; text_weight=&#8221;400&#8243; uncode_shortcode_id=&#8221;130354&#8243;]<a href=\"https:\/\/www.resq-club.com\/wp-content\/uploads\/2025\/08\/ResQ-Club-Partnership-agreement-Appendix-1-Pricing-.docx.pdf\"><span style=\"font-weight: 400\">Hinnastamisleping<\/span><\/a>[\/vc_custom_heading][vc_column_text uncode_shortcode_id=&#8221;169364&#8243;]<span style=\"font-weight: 400\">Juriidiline dokument, mis k\u00e4sitleb ResQ m\u00fc\u00fcgikomisjoni. Dokumendile p\u00e4\u00e4sete otse ligi <a href=\"https:\/\/www.resq-club.com\/wp-content\/uploads\/2025\/07\/ResQ-Club-Partnership-agreement-Appendix-1-Pricing-3.pdf\">siit<\/a>. <\/span>[\/vc_column_text][\/vc_column_inner][\/vc_row_inner][\/vc_column][vc_column column_width_percent=&#8221;100&#8243; position_vertical=&#8221;justify&#8221; gutter_size=&#8221;3&#8243; override_padding=&#8221;yes&#8221; column_padding=&#8221;0&#8243; back_color=&#8221;color-vyce&#8221; overlay_alpha=&#8221;50&#8243; radius=&#8221;xl&#8221; shift_x=&#8221;0&#8243; shift_y=&#8221;0&#8243; shift_y_down=&#8221;0&#8243; z_index=&#8221;0&#8243; medium_width=&#8221;0&#8243; mobile_width=&#8221;0&#8243; width=&#8221;1\/3&#8243; uncode_shortcode_id=&#8221;513395&#8243; back_color_type=&#8221;uncode-palette&#8221;][vc_row_inner row_inner_height_percent=&#8221;0&#8243; overlay_alpha=&#8221;50&#8243; gutter_size=&#8221;3&#8243; shift_y=&#8221;0&#8243; z_index=&#8221;0&#8243; uncode_shortcode_id=&#8221;152701&#8243; css=&#8221;.vc_custom_1739956751617{padding-top: 15px !important;}&#8221;][vc_column_inner column_width_percent=&#8221;80&#8243; align_horizontal=&#8221;align_center&#8221; gutter_size=&#8221;3&#8243; override_padding=&#8221;yes&#8221; column_padding=&#8221;2&#8243; overlay_alpha=&#8221;50&#8243; shift_x=&#8221;0&#8243; shift_y=&#8221;0&#8243; shift_y_down=&#8221;0&#8243; z_index=&#8221;0&#8243; medium_width=&#8221;0&#8243; mobile_width=&#8221;0&#8243; width=&#8221;1\/1&#8243; uncode_shortcode_id=&#8221;182587&#8243;][vc_custom_heading heading_semantic=&#8221;h5&#8243; text_size=&#8221;&#8221; text_weight=&#8221;400&#8243; uncode_shortcode_id=&#8221;978039&#8243;]<a href=\"https:\/\/www.resq-club.com\/et\/privaatsusavaldus\/\"><span style=\"font-weight: 400\">Privaatsuspoliitika<\/span><\/a>[\/vc_custom_heading][vc_column_text uncode_shortcode_id=&#8221;162736&#8243;]<span style=\"font-weight: 400\">Meie \u00fcldine poliitika kasutajate ja partnerite andmete t\u00f6\u00f6tlemiseks. Dokumendile p\u00e4\u00e4sete otse ligi <a href=\"https:\/\/www.resq-club.com\/et\/privaatsusavaldus\/\">siit<\/a>.<\/span>[\/vc_column_text][\/vc_column_inner][\/vc_row_inner][\/vc_column][\/vc_row]<\/p>\n<\/div>","protected":false},"excerpt":{"rendered":"<p>[vc_row][vc_column column_width_percent=&#8221;100&#8243; align_horizontal=&#8221;align_center&#8221; gutter_size=&#8221;3&#8243; overlay_alpha=&#8221;50&#8243; shift_x=&#8221;0&#8243; shift_y=&#8221;0&#8243; shift_y_down=&#8221;0&#8243; z_index=&#8221;0&#8243; medium_width=&#8221;0&#8243; mobile_width=&#8221;0&#8243; width=&#8221;1\/1&#8243; uncode_shortcode_id=&#8221;124897&#8243;][vc_empty_space empty_h=&#8221;2&#8243;][vc_custom_heading text_size=&#8221;&#8221; uncode_shortcode_id=&#8221;198349&#8243;]Koost\u00f6\u00f6lepingud[\/vc_custom_heading][vc_column_text uncode_shortcode_id=&#8221;187301&#8243;]Palun leidke allpool k\u00f5ik [&hellip;]<\/p>\n","protected":false},"author":19,"featured_media":0,"parent":0,"menu_order":0,"comment_status":"closed","ping_status":"closed","template":"","meta":{"footnotes":""},"class_list":["post-3618","page","type-page","status-publish","hentry"],"yoast_head":"<!-- This site is optimized with the Yoast SEO plugin v27.4 - https:\/\/yoast.com\/product\/yoast-seo-wordpress\/ -->\n<title>Partnerid - ResQ Club 2025 Et<\/title>\n<meta name=\"robots\" content=\"index, follow, max-snippet:-1, max-image-preview:large, max-video-preview:-1\" \/>\n<link rel=\"canonical\" href=\"https:\/\/www.resq-club.com\/et\/partnerid\/\" \/>\n<meta property=\"og:locale\" content=\"et_EE\" \/>\n<meta property=\"og:type\" content=\"article\" \/>\n<meta property=\"og:title\" content=\"Partnerid - ResQ Club 2025 Et\" \/>\n<meta property=\"og:description\" content=\"[vc_row][vc_column column_width_percent=&#8221;100&#8243; align_horizontal=&#8221;align_center&#8221; gutter_size=&#8221;3&#8243; overlay_alpha=&#8221;50&#8243; shift_x=&#8221;0&#8243; shift_y=&#8221;0&#8243; shift_y_down=&#8221;0&#8243; z_index=&#8221;0&#8243; medium_width=&#8221;0&#8243; mobile_width=&#8221;0&#8243; width=&#8221;1\/1&#8243; uncode_shortcode_id=&#8221;124897&#8243;][vc_empty_space empty_h=&#8221;2&#8243;][vc_custom_heading text_size=&#8221;&#8221; uncode_shortcode_id=&#8221;198349&#8243;]Koost\u00f6\u00f6lepingud[\/vc_custom_heading][vc_column_text uncode_shortcode_id=&#8221;187301&#8243;]Palun leidke allpool k\u00f5ik [&hellip;]\" \/>\n<meta property=\"og:url\" content=\"https:\/\/www.resq-club.com\/et\/partnerid\/\" \/>\n<meta property=\"og:site_name\" content=\"ResQ Club 2025 Et\" \/>\n<meta property=\"og:image\" content=\"https:\/\/2025.resq-club.com\/wp-content\/uploads\/\/sites\/10\/2025\/05\/resq-club-2.jpg\" \/>\n\t<meta property=\"og:image:width\" content=\"1200\" \/>\n\t<meta property=\"og:image:height\" content=\"678\" \/>\n\t<meta property=\"og:image:type\" content=\"image\/jpeg\" \/>\n<meta name=\"twitter:card\" content=\"summary_large_image\" \/>\n<meta name=\"twitter:label1\" content=\"Est. reading time\" \/>\n\t<meta name=\"twitter:data1\" content=\"2 minutit\" \/>\n<script type=\"application\/ld+json\" class=\"yoast-schema-graph\">{\"@context\":\"https:\\\/\\\/schema.org\",\"@graph\":[{\"@type\":\"WebPage\",\"@id\":\"https:\\\/\\\/www.resq-club.com\\\/et\\\/partnerid\\\/\",\"url\":\"https:\\\/\\\/www.resq-club.com\\\/et\\\/partnerid\\\/\",\"name\":\"Partnerid - ResQ Club 2025 Et\",\"isPartOf\":{\"@id\":\"https:\\\/\\\/www.resq-club.com\\\/et\\\/#website\"},\"datePublished\":\"2026-04-16T10:35:05+00:00\",\"breadcrumb\":{\"@id\":\"https:\\\/\\\/www.resq-club.com\\\/et\\\/partnerid\\\/#breadcrumb\"},\"inLanguage\":\"et\",\"potentialAction\":[{\"@type\":\"ReadAction\",\"target\":[\"https:\\\/\\\/www.resq-club.com\\\/et\\\/partnerid\\\/\"]}]},{\"@type\":\"BreadcrumbList\",\"@id\":\"https:\\\/\\\/www.resq-club.com\\\/et\\\/partnerid\\\/#breadcrumb\",\"itemListElement\":[{\"@type\":\"ListItem\",\"position\":1,\"name\":\"Home\",\"item\":\"https:\\\/\\\/www.resq-club.com\\\/et\\\/\"},{\"@type\":\"ListItem\",\"position\":2,\"name\":\"Partnerid\"}]},{\"@type\":\"WebSite\",\"@id\":\"https:\\\/\\\/www.resq-club.com\\\/et\\\/#website\",\"url\":\"https:\\\/\\\/www.resq-club.com\\\/et\\\/\",\"name\":\"ResQ Club\",\"description\":\"\",\"publisher\":{\"@id\":\"https:\\\/\\\/www.resq-club.com\\\/et\\\/#organization\"},\"potentialAction\":[{\"@type\":\"SearchAction\",\"target\":{\"@type\":\"EntryPoint\",\"urlTemplate\":\"https:\\\/\\\/www.resq-club.com\\\/et\\\/?s={search_term_string}\"},\"query-input\":{\"@type\":\"PropertyValueSpecification\",\"valueRequired\":true,\"valueName\":\"search_term_string\"}}],\"inLanguage\":\"et\"},{\"@type\":\"Organization\",\"@id\":\"https:\\\/\\\/www.resq-club.com\\\/et\\\/#organization\",\"name\":\"ResQ Club\",\"url\":\"https:\\\/\\\/www.resq-club.com\\\/et\\\/\",\"logo\":{\"@type\":\"ImageObject\",\"inLanguage\":\"et\",\"@id\":\"https:\\\/\\\/www.resq-club.com\\\/et\\\/#\\\/schema\\\/logo\\\/image\\\/\",\"url\":\"https:\\\/\\\/www.resq-club.com\\\/wp-content\\\/uploads\\\/\\\/sites\\\/10\\\/2025\\\/01\\\/ResQ-logo.svg\",\"contentUrl\":\"https:\\\/\\\/www.resq-club.com\\\/wp-content\\\/uploads\\\/\\\/sites\\\/10\\\/2025\\\/01\\\/ResQ-logo.svg\",\"width\":94,\"height\":40,\"caption\":\"ResQ Club\"},\"image\":{\"@id\":\"https:\\\/\\\/www.resq-club.com\\\/et\\\/#\\\/schema\\\/logo\\\/image\\\/\"}}]}<\/script>\n<!-- \/ Yoast SEO plugin. -->","yoast_head_json":{"title":"Partnerid - ResQ Club 2025 Et","robots":{"index":"index","follow":"follow","max-snippet":"max-snippet:-1","max-image-preview":"max-image-preview:large","max-video-preview":"max-video-preview:-1"},"canonical":"https:\/\/www.resq-club.com\/et\/partnerid\/","og_locale":"et_EE","og_type":"article","og_title":"Partnerid - ResQ Club 2025 Et","og_description":"[vc_row][vc_column column_width_percent=&#8221;100&#8243; align_horizontal=&#8221;align_center&#8221; gutter_size=&#8221;3&#8243; overlay_alpha=&#8221;50&#8243; shift_x=&#8221;0&#8243; shift_y=&#8221;0&#8243; shift_y_down=&#8221;0&#8243; z_index=&#8221;0&#8243; medium_width=&#8221;0&#8243; mobile_width=&#8221;0&#8243; width=&#8221;1\/1&#8243; uncode_shortcode_id=&#8221;124897&#8243;][vc_empty_space empty_h=&#8221;2&#8243;][vc_custom_heading text_size=&#8221;&#8221; uncode_shortcode_id=&#8221;198349&#8243;]Koost\u00f6\u00f6lepingud[\/vc_custom_heading][vc_column_text uncode_shortcode_id=&#8221;187301&#8243;]Palun leidke allpool k\u00f5ik [&hellip;]","og_url":"https:\/\/www.resq-club.com\/et\/partnerid\/","og_site_name":"ResQ Club 2025 Et","og_image":[{"width":1200,"height":678,"url":"https:\/\/2025.resq-club.com\/wp-content\/uploads\/\/sites\/10\/2025\/05\/resq-club-2.jpg","type":"image\/jpeg"}],"twitter_card":"summary_large_image","twitter_misc":{"Est. reading time":"2 minutit"},"schema":{"@context":"https:\/\/schema.org","@graph":[{"@type":"WebPage","@id":"https:\/\/www.resq-club.com\/et\/partnerid\/","url":"https:\/\/www.resq-club.com\/et\/partnerid\/","name":"Partnerid - ResQ Club 2025 Et","isPartOf":{"@id":"https:\/\/www.resq-club.com\/et\/#website"},"datePublished":"2026-04-16T10:35:05+00:00","breadcrumb":{"@id":"https:\/\/www.resq-club.com\/et\/partnerid\/#breadcrumb"},"inLanguage":"et","potentialAction":[{"@type":"ReadAction","target":["https:\/\/www.resq-club.com\/et\/partnerid\/"]}]},{"@type":"BreadcrumbList","@id":"https:\/\/www.resq-club.com\/et\/partnerid\/#breadcrumb","itemListElement":[{"@type":"ListItem","position":1,"name":"Home","item":"https:\/\/www.resq-club.com\/et\/"},{"@type":"ListItem","position":2,"name":"Partnerid"}]},{"@type":"WebSite","@id":"https:\/\/www.resq-club.com\/et\/#website","url":"https:\/\/www.resq-club.com\/et\/","name":"ResQ Club","description":"","publisher":{"@id":"https:\/\/www.resq-club.com\/et\/#organization"},"potentialAction":[{"@type":"SearchAction","target":{"@type":"EntryPoint","urlTemplate":"https:\/\/www.resq-club.com\/et\/?s={search_term_string}"},"query-input":{"@type":"PropertyValueSpecification","valueRequired":true,"valueName":"search_term_string"}}],"inLanguage":"et"},{"@type":"Organization","@id":"https:\/\/www.resq-club.com\/et\/#organization","name":"ResQ Club","url":"https:\/\/www.resq-club.com\/et\/","logo":{"@type":"ImageObject","inLanguage":"et","@id":"https:\/\/www.resq-club.com\/et\/#\/schema\/logo\/image\/","url":"https:\/\/www.resq-club.com\/wp-content\/uploads\/\/sites\/10\/2025\/01\/ResQ-logo.svg","contentUrl":"https:\/\/www.resq-club.com\/wp-content\/uploads\/\/sites\/10\/2025\/01\/ResQ-logo.svg","width":94,"height":40,"caption":"ResQ Club"},"image":{"@id":"https:\/\/www.resq-club.com\/et\/#\/schema\/logo\/image\/"}}]}},"lang":"et","translations":{"et":3618},"pll_sync_post":[],"_links":{"self":[{"href":"https:\/\/www.resq-club.com\/et\/wp-json\/wp\/v2\/pages\/3618","targetHints":{"allow":["GET"]}}],"collection":[{"href":"https:\/\/www.resq-club.com\/et\/wp-json\/wp\/v2\/pages"}],"about":[{"href":"https:\/\/www.resq-club.com\/et\/wp-json\/wp\/v2\/types\/page"}],"author":[{"embeddable":true,"href":"https:\/\/www.resq-club.com\/et\/wp-json\/wp\/v2\/users\/19"}],"replies":[{"embeddable":true,"href":"https:\/\/www.resq-club.com\/et\/wp-json\/wp\/v2\/comments?post=3618"}],"version-history":[{"count":4,"href":"https:\/\/www.resq-club.com\/et\/wp-json\/wp\/v2\/pages\/3618\/revisions"}],"predecessor-version":[{"id":3622,"href":"https:\/\/www.resq-club.com\/et\/wp-json\/wp\/v2\/pages\/3618\/revisions\/3622"}],"wp:attachment":[{"href":"https:\/\/www.resq-club.com\/et\/wp-json\/wp\/v2\/media?parent=3618"}],"curies":[{"name":"wp","href":"https:\/\/api.w.org\/{rel}","templated":true}]}}