{"id":3531,"date":"2025-09-10T12:31:07","date_gmt":"2025-09-10T09:31:07","guid":{"rendered":"https:\/\/www.resq-club.com\/et\/?page_id=3531"},"modified":"2026-04-28T09:35:57","modified_gmt":"2026-04-28T06:35:57","slug":"partnerluslepingu","status":"publish","type":"page","link":"https:\/\/www.resq-club.com\/et\/partnerluslepingu\/","title":{"rendered":"Partnerluslepingu"},"content":{"rendered":"<div class=\"wpb-content-wrapper\"><p>[vc_row][vc_column column_width_use_pixel=&#8221;yes&#8221; gutter_size=&#8221;3&#8243; overlay_alpha=&#8221;50&#8243; shift_x=&#8221;0&#8243; shift_y=&#8221;0&#8243; shift_y_down=&#8221;0&#8243; z_index=&#8221;0&#8243; medium_width=&#8221;0&#8243; mobile_width=&#8221;0&#8243; width=&#8221;1\/1&#8243; uncode_shortcode_id=&#8221;207511&#8243; column_width_pixel=&#8221;900&#8243;][vc_custom_heading heading_semantic=&#8221;h1&#8243; uncode_shortcode_id=&#8221;146281&#8243;]<\/p>\n<h1>Partnerluslepingu kokkuv\u00f5te (&#8220;Leping&#8221;)<\/h1>\n<p>[\/vc_custom_heading][\/vc_column][\/vc_row][vc_row][vc_column column_width_use_pixel=&#8221;yes&#8221; gutter_size=&#8221;3&#8243; overlay_alpha=&#8221;50&#8243; shift_x=&#8221;0&#8243; shift_y=&#8221;0&#8243; shift_y_down=&#8221;0&#8243; z_index=&#8221;0&#8243; medium_width=&#8221;0&#8243; mobile_width=&#8221;0&#8243; uncode_shortcode_id=&#8221;195514&#8243; column_width_pixel=&#8221;900&#8243;][vc_column_text uncode_shortcode_id=&#8221;127056&#8243;]<span style=\"font-weight: 400;\">Tegemist on juriidilise hoiatusega, palun lugege see l\u00e4bi! Ait\u00e4h!<\/span><\/p>\n<p><span style=\"font-weight: 400;\">\u00a0<\/span><\/p>\n<p><span style=\"font-weight: 400;\">Allj\u00e4rgnev tekst on l\u00fchike kokkuv\u00f5te teatavatest lepingutingimustest puhtalt mugavuse eesm\u00e4rgil. Allolev kokkuv\u00f5te ei piira lepingus etten\u00e4htud \u00f5igusi ja kohustusi. Kokkuv\u00f5te ei t\u00e4henda, et ainult kokkuv\u00f5ttes mainitud tingimused on olulised. See kokkuv\u00f5te ei ole osa lepingust. Juhul, kui leping ja see kokkuv\u00f5te on omavahel vastuolus, kehtivad lepingu s\u00e4tted. <\/span><b>Olete kohustatud lepingut hoolikalt lugema enne, kui registreerite end ResQ Club teenuse partnerina. Registreerimisega teenuse partnerina kinnitate, et olete lepingut lugenud, m\u00f5istate lepingu tingimusi ja n\u00f5ustute antud tingimusi j\u00e4rgima.<\/b><\/p>\n<p><span style=\"font-weight: 400;\">\u00a0<\/span><span style=\"font-weight: 400;\">\u00a0<\/span><\/p>\n<p><span style=\"font-weight: 400;\">Muundatud 16.12.2024<\/span><\/p>\n<p><span style=\"font-weight: 400;\">See on l\u00fchike kokkuv\u00f5te t\u00e4ielikust partnerluslepingust. ResQ on veebim\u00fc\u00fcgikanal, mille kaudu partner saab m\u00fc\u00fca kaubaj\u00e4\u00e4ke l\u00f5ppkasutajatele, et v\u00e4ltida j\u00e4\u00e4kide raiskamist partneri tegevuskohtades. Veebim\u00fc\u00fcgikanali eesm\u00e4rk on v\u00e4hendada j\u00e4\u00e4tmeid kiiresti riknevaid kaupu pakkuvates t\u00f6\u00f6stusharudes.<\/span><\/p>\n<p><span style=\"font-weight: 400;\">K\u00fcsimuste ja\/v\u00f5i murede korral v\u00f5tke meiega \u00fchendust klienditoe vahendusel, v\u00f5i kirjutades aadressile info@resq-club.com .<\/span><\/p>\n<p><span style=\"font-weight: 400;\">\u00a0<\/span><\/p>\n<p><b>Meie, kui ResQ Club<\/b><\/p>\n<ul>\n<li style=\"font-weight: 400;\" aria-level=\"1\"><span style=\"font-weight: 400;\">Pakume veebim\u00fc\u00fcgikanalit (ResQ Partner App), mille kaudu saate pakkuda enda kaubaj\u00e4\u00e4ke ResQ Club rakenduse kasutajatele;<\/span><\/li>\n<li style=\"font-weight: 400;\" aria-level=\"1\"><span style=\"font-weight: 400;\">Teavitame teid k\u00f5igist m\u00fc\u00fcdud j\u00e4\u00e4kidest;<\/span><\/li>\n<li style=\"font-weight: 400;\" aria-level=\"1\"><span style=\"font-weight: 400;\">Maksame teile kord kuus k\u00f5ikide m\u00fc\u00fcdud j\u00e4\u00e4kide eest;<\/span><\/li>\n<li style=\"font-weight: 400;\" aria-level=\"1\"><span style=\"font-weight: 400;\">V\u00f5ime kasutada koost\u00f6\u00f6d viitena meedias ja turunduses;<\/span><\/li>\n<li style=\"font-weight: 400;\" aria-level=\"1\"><span style=\"font-weight: 400;\">Saame muuta meie vahendustasu nelja (4) n\u00e4dala etteteatamisega;<\/span><\/li>\n<li style=\"font-weight: 400;\" aria-level=\"1\"><span style=\"font-weight: 400;\">Ei vastuta mistahes kahjude eest, mis \u00fcletavad eelmise kuu m\u00fc\u00fcgik\u00e4ivet.<\/span><\/li>\n<\/ul>\n<p><span style=\"font-weight: 400;\">\u00a0<\/span><span style=\"font-weight: 400;\">\u00a0<\/span><\/p>\n<p><b>Teie kui Partner<\/b><span style=\"font-weight: 400;\">\u00a0<\/span><\/p>\n<ul>\n<li style=\"font-weight: 400;\" aria-level=\"1\"><span style=\"font-weight: 400;\">Ei ole kohustatud teenuses pakkuma \u00fchtegi toodet;<\/span><\/li>\n<li style=\"font-weight: 400;\" aria-level=\"1\"><span style=\"font-weight: 400;\">V\u00f5iksite soovituslikult pakkuda oma j\u00e4\u00e4ke 50% v\u00f5i enam soodustusega v\u00f5rreldes tavahindadega;<\/span><\/li>\n<li style=\"font-weight: 400;\" aria-level=\"1\"><span style=\"font-weight: 400;\">Olete vastutav oma pakkumiste kvaliteedi eest ning samuti selle, et m\u00fc\u00fcdud j\u00e4\u00e4gid vastavad pakkumise kirjeldusele;<\/span><\/li>\n<li style=\"font-weight: 400;\" aria-level=\"1\"><span style=\"font-weight: 400;\">Olete vastutav selle eest, et m\u00fc\u00fcdud kaubaj\u00e4\u00e4gid on k\u00e4ttesaadavad pealev\u00f5tmiseks kuni pakkumise kirjelduses t\u00e4histatud ajani;<\/span><\/li>\n<li style=\"font-weight: 400;\" aria-level=\"1\"><span style=\"font-weight: 400;\">Saate oma ResQ m\u00fc\u00fcgimakse kord kuus p\u00e4rast vajaliku \u00e4rikinnitusprotsessi l\u00f5petamist;<\/span><\/li>\n<li style=\"font-weight: 400;\" aria-level=\"1\"><span style=\"font-weight: 400;\">Volitate ResQ Club\u2019i tegema tagasimakseid l\u00f5ppkasutajatele, kui esinevad pretensioonid teie pakkumise v\u00f5i m\u00fc\u00fcdud kaupade kohta;<\/span><\/li>\n<li style=\"font-weight: 400;\" aria-level=\"1\"><span style=\"font-weight: 400;\">Olete vastutav ohutusjuhiste ja k\u00f5ikide teiste seaduste ja regulatsioonide j\u00e4rgimise eest, mis puudutavad teie tegevust ja pakkumist;<\/span><\/li>\n<li style=\"font-weight: 400;\" aria-level=\"1\"><span style=\"font-weight: 400;\">Olete vastutav k\u00f5igi meie teenuses teie kasutajatunnuste ja paroolide abil tehtud tegevuste eest;\u00a0<\/span><\/li>\n<li style=\"font-weight: 400;\" aria-level=\"1\"><span style=\"font-weight: 400;\">Ei tohi kasutada l\u00f5ppkasutajate andmeid muudel eesm\u00e4rkidel kui tellimuse sooritamiseks.<\/span><\/li>\n<\/ul>\n<p><span style=\"font-weight: 400;\">\u00a0<\/span><\/p>\n<p><span style=\"font-weight: 400;\">T\u00e4ismahus leping:\u00a0<\/span><\/p>\n<p><span style=\"font-weight: 400;\">&#8211; <\/span><a href=\"https:\/\/www.resq-club.com\/wp-content\/uploads\/2025\/08\/Partnership-Agreement_-The-ResQ-Service_.pdf\"><span style=\"font-weight: 400;\">Leping<\/span><\/a><\/p>\n<p><a href=\"https:\/\/www.resq-club.com\/wp-content\/uploads\/2025\/07\/ResQ-Club-Partnership-agreement-Appendix-1-Pricing-3.pdf\"><span style=\"font-weight: 400;\">&#8211; Hinnakujunduse lisa 1<\/span><\/a><\/p>\n<p><a href=\"https:\/\/www.resq-club.com\/et\/privaatsusavaldus\/\"><span style=\"font-weight: 400;\">&#8211; Privaatsuspoliitika<\/span><\/a>[\/vc_column_text][\/vc_column][\/vc_row]<\/p>\n<\/div>","protected":false},"excerpt":{"rendered":"<p>[vc_row][vc_column column_width_use_pixel=&#8221;yes&#8221; gutter_size=&#8221;3&#8243; overlay_alpha=&#8221;50&#8243; shift_x=&#8221;0&#8243; shift_y=&#8221;0&#8243; shift_y_down=&#8221;0&#8243; z_index=&#8221;0&#8243; medium_width=&#8221;0&#8243; mobile_width=&#8221;0&#8243; width=&#8221;1\/1&#8243; uncode_shortcode_id=&#8221;207511&#8243; column_width_pixel=&#8221;900&#8243;][vc_custom_heading heading_semantic=&#8221;h1&#8243; uncode_shortcode_id=&#8221;146281&#8243;] Partnerluslepingu kokkuv\u00f5te (&#8220;Leping&#8221;) [\/vc_custom_heading][\/vc_column][\/vc_row][vc_row][vc_column column_width_use_pixel=&#8221;yes&#8221; [&hellip;]<\/p>\n","protected":false},"author":3,"featured_media":0,"parent":0,"menu_order":0,"comment_status":"closed","ping_status":"closed","template":"","meta":{"footnotes":""},"class_list":["post-3531","page","type-page","status-publish","hentry"],"yoast_head":"<!-- This site is optimized with the Yoast SEO plugin v27.4 - https:\/\/yoast.com\/product\/yoast-seo-wordpress\/ -->\n<title>Partnerluslepingu - ResQ Club 2025 Et<\/title>\n<meta name=\"robots\" content=\"index, follow, max-snippet:-1, max-image-preview:large, max-video-preview:-1\" \/>\n<link rel=\"canonical\" href=\"https:\/\/www.resq-club.com\/et\/partnerluslepingu\/\" \/>\n<meta property=\"og:locale\" content=\"et_EE\" \/>\n<meta property=\"og:type\" content=\"article\" \/>\n<meta property=\"og:title\" content=\"Partnerluslepingu - ResQ Club 2025 Et\" \/>\n<meta property=\"og:description\" content=\"[vc_row][vc_column column_width_use_pixel=&#8221;yes&#8221; gutter_size=&#8221;3&#8243; overlay_alpha=&#8221;50&#8243; shift_x=&#8221;0&#8243; shift_y=&#8221;0&#8243; shift_y_down=&#8221;0&#8243; z_index=&#8221;0&#8243; medium_width=&#8221;0&#8243; mobile_width=&#8221;0&#8243; width=&#8221;1\/1&#8243; uncode_shortcode_id=&#8221;207511&#8243; column_width_pixel=&#8221;900&#8243;][vc_custom_heading heading_semantic=&#8221;h1&#8243; uncode_shortcode_id=&#8221;146281&#8243;] Partnerluslepingu kokkuv\u00f5te (&#8220;Leping&#8221;) [\/vc_custom_heading][\/vc_column][\/vc_row][vc_row][vc_column column_width_use_pixel=&#8221;yes&#8221; [&hellip;]\" \/>\n<meta property=\"og:url\" content=\"https:\/\/www.resq-club.com\/et\/partnerluslepingu\/\" \/>\n<meta property=\"og:site_name\" content=\"ResQ Club 2025 Et\" \/>\n<meta property=\"article:modified_time\" content=\"2026-04-28T06:35:57+00:00\" \/>\n<meta property=\"og:image\" content=\"https:\/\/2025.resq-club.com\/wp-content\/uploads\/\/sites\/10\/2025\/05\/resq-club-2.jpg\" \/>\n\t<meta property=\"og:image:width\" content=\"1200\" \/>\n\t<meta property=\"og:image:height\" content=\"678\" \/>\n\t<meta property=\"og:image:type\" content=\"image\/jpeg\" \/>\n<meta name=\"twitter:card\" content=\"summary_large_image\" \/>\n<meta name=\"twitter:label1\" content=\"Est. reading time\" \/>\n\t<meta name=\"twitter:data1\" content=\"2 minutit\" \/>\n<script type=\"application\/ld+json\" class=\"yoast-schema-graph\">{\"@context\":\"https:\\\/\\\/schema.org\",\"@graph\":[{\"@type\":\"WebPage\",\"@id\":\"https:\\\/\\\/www.resq-club.com\\\/et\\\/partnerluslepingu\\\/\",\"url\":\"https:\\\/\\\/www.resq-club.com\\\/et\\\/partnerluslepingu\\\/\",\"name\":\"Partnerluslepingu - ResQ Club 2025 Et\",\"isPartOf\":{\"@id\":\"https:\\\/\\\/www.resq-club.com\\\/et\\\/#website\"},\"datePublished\":\"2025-09-10T09:31:07+00:00\",\"dateModified\":\"2026-04-28T06:35:57+00:00\",\"breadcrumb\":{\"@id\":\"https:\\\/\\\/www.resq-club.com\\\/et\\\/partnerluslepingu\\\/#breadcrumb\"},\"inLanguage\":\"et\",\"potentialAction\":[{\"@type\":\"ReadAction\",\"target\":[\"https:\\\/\\\/www.resq-club.com\\\/et\\\/partnerluslepingu\\\/\"]}]},{\"@type\":\"BreadcrumbList\",\"@id\":\"https:\\\/\\\/www.resq-club.com\\\/et\\\/partnerluslepingu\\\/#breadcrumb\",\"itemListElement\":[{\"@type\":\"ListItem\",\"position\":1,\"name\":\"Home\",\"item\":\"https:\\\/\\\/www.resq-club.com\\\/et\\\/\"},{\"@type\":\"ListItem\",\"position\":2,\"name\":\"Partnerluslepingu\"}]},{\"@type\":\"WebSite\",\"@id\":\"https:\\\/\\\/www.resq-club.com\\\/et\\\/#website\",\"url\":\"https:\\\/\\\/www.resq-club.com\\\/et\\\/\",\"name\":\"ResQ Club\",\"description\":\"\",\"publisher\":{\"@id\":\"https:\\\/\\\/www.resq-club.com\\\/et\\\/#organization\"},\"potentialAction\":[{\"@type\":\"SearchAction\",\"target\":{\"@type\":\"EntryPoint\",\"urlTemplate\":\"https:\\\/\\\/www.resq-club.com\\\/et\\\/?s={search_term_string}\"},\"query-input\":{\"@type\":\"PropertyValueSpecification\",\"valueRequired\":true,\"valueName\":\"search_term_string\"}}],\"inLanguage\":\"et\"},{\"@type\":\"Organization\",\"@id\":\"https:\\\/\\\/www.resq-club.com\\\/et\\\/#organization\",\"name\":\"ResQ Club\",\"url\":\"https:\\\/\\\/www.resq-club.com\\\/et\\\/\",\"logo\":{\"@type\":\"ImageObject\",\"inLanguage\":\"et\",\"@id\":\"https:\\\/\\\/www.resq-club.com\\\/et\\\/#\\\/schema\\\/logo\\\/image\\\/\",\"url\":\"https:\\\/\\\/www.resq-club.com\\\/wp-content\\\/uploads\\\/\\\/sites\\\/10\\\/2025\\\/01\\\/ResQ-logo.svg\",\"contentUrl\":\"https:\\\/\\\/www.resq-club.com\\\/wp-content\\\/uploads\\\/\\\/sites\\\/10\\\/2025\\\/01\\\/ResQ-logo.svg\",\"width\":94,\"height\":40,\"caption\":\"ResQ Club\"},\"image\":{\"@id\":\"https:\\\/\\\/www.resq-club.com\\\/et\\\/#\\\/schema\\\/logo\\\/image\\\/\"}}]}<\/script>\n<!-- \/ Yoast SEO plugin. -->","yoast_head_json":{"title":"Partnerluslepingu - ResQ Club 2025 Et","robots":{"index":"index","follow":"follow","max-snippet":"max-snippet:-1","max-image-preview":"max-image-preview:large","max-video-preview":"max-video-preview:-1"},"canonical":"https:\/\/www.resq-club.com\/et\/partnerluslepingu\/","og_locale":"et_EE","og_type":"article","og_title":"Partnerluslepingu - ResQ Club 2025 Et","og_description":"[vc_row][vc_column column_width_use_pixel=&#8221;yes&#8221; gutter_size=&#8221;3&#8243; overlay_alpha=&#8221;50&#8243; shift_x=&#8221;0&#8243; shift_y=&#8221;0&#8243; shift_y_down=&#8221;0&#8243; z_index=&#8221;0&#8243; medium_width=&#8221;0&#8243; mobile_width=&#8221;0&#8243; width=&#8221;1\/1&#8243; uncode_shortcode_id=&#8221;207511&#8243; column_width_pixel=&#8221;900&#8243;][vc_custom_heading heading_semantic=&#8221;h1&#8243; uncode_shortcode_id=&#8221;146281&#8243;] Partnerluslepingu kokkuv\u00f5te (&#8220;Leping&#8221;) [\/vc_custom_heading][\/vc_column][\/vc_row][vc_row][vc_column column_width_use_pixel=&#8221;yes&#8221; [&hellip;]","og_url":"https:\/\/www.resq-club.com\/et\/partnerluslepingu\/","og_site_name":"ResQ Club 2025 Et","article_modified_time":"2026-04-28T06:35:57+00:00","og_image":[{"width":1200,"height":678,"url":"https:\/\/2025.resq-club.com\/wp-content\/uploads\/\/sites\/10\/2025\/05\/resq-club-2.jpg","type":"image\/jpeg"}],"twitter_card":"summary_large_image","twitter_misc":{"Est. reading time":"2 minutit"},"schema":{"@context":"https:\/\/schema.org","@graph":[{"@type":"WebPage","@id":"https:\/\/www.resq-club.com\/et\/partnerluslepingu\/","url":"https:\/\/www.resq-club.com\/et\/partnerluslepingu\/","name":"Partnerluslepingu - ResQ Club 2025 Et","isPartOf":{"@id":"https:\/\/www.resq-club.com\/et\/#website"},"datePublished":"2025-09-10T09:31:07+00:00","dateModified":"2026-04-28T06:35:57+00:00","breadcrumb":{"@id":"https:\/\/www.resq-club.com\/et\/partnerluslepingu\/#breadcrumb"},"inLanguage":"et","potentialAction":[{"@type":"ReadAction","target":["https:\/\/www.resq-club.com\/et\/partnerluslepingu\/"]}]},{"@type":"BreadcrumbList","@id":"https:\/\/www.resq-club.com\/et\/partnerluslepingu\/#breadcrumb","itemListElement":[{"@type":"ListItem","position":1,"name":"Home","item":"https:\/\/www.resq-club.com\/et\/"},{"@type":"ListItem","position":2,"name":"Partnerluslepingu"}]},{"@type":"WebSite","@id":"https:\/\/www.resq-club.com\/et\/#website","url":"https:\/\/www.resq-club.com\/et\/","name":"ResQ Club","description":"","publisher":{"@id":"https:\/\/www.resq-club.com\/et\/#organization"},"potentialAction":[{"@type":"SearchAction","target":{"@type":"EntryPoint","urlTemplate":"https:\/\/www.resq-club.com\/et\/?s={search_term_string}"},"query-input":{"@type":"PropertyValueSpecification","valueRequired":true,"valueName":"search_term_string"}}],"inLanguage":"et"},{"@type":"Organization","@id":"https:\/\/www.resq-club.com\/et\/#organization","name":"ResQ Club","url":"https:\/\/www.resq-club.com\/et\/","logo":{"@type":"ImageObject","inLanguage":"et","@id":"https:\/\/www.resq-club.com\/et\/#\/schema\/logo\/image\/","url":"https:\/\/www.resq-club.com\/wp-content\/uploads\/\/sites\/10\/2025\/01\/ResQ-logo.svg","contentUrl":"https:\/\/www.resq-club.com\/wp-content\/uploads\/\/sites\/10\/2025\/01\/ResQ-logo.svg","width":94,"height":40,"caption":"ResQ Club"},"image":{"@id":"https:\/\/www.resq-club.com\/et\/#\/schema\/logo\/image\/"}}]}},"lang":"et","translations":{"et":3531,"en":3645},"pll_sync_post":[],"_links":{"self":[{"href":"https:\/\/www.resq-club.com\/et\/wp-json\/wp\/v2\/pages\/3531","targetHints":{"allow":["GET"]}}],"collection":[{"href":"https:\/\/www.resq-club.com\/et\/wp-json\/wp\/v2\/pages"}],"about":[{"href":"https:\/\/www.resq-club.com\/et\/wp-json\/wp\/v2\/types\/page"}],"author":[{"embeddable":true,"href":"https:\/\/www.resq-club.com\/et\/wp-json\/wp\/v2\/users\/3"}],"replies":[{"embeddable":true,"href":"https:\/\/www.resq-club.com\/et\/wp-json\/wp\/v2\/comments?post=3531"}],"version-history":[{"count":1,"href":"https:\/\/www.resq-club.com\/et\/wp-json\/wp\/v2\/pages\/3531\/revisions"}],"predecessor-version":[{"id":3532,"href":"https:\/\/www.resq-club.com\/et\/wp-json\/wp\/v2\/pages\/3531\/revisions\/3532"}],"wp:attachment":[{"href":"https:\/\/www.resq-club.com\/et\/wp-json\/wp\/v2\/media?parent=3531"}],"curies":[{"name":"wp","href":"https:\/\/api.w.org\/{rel}","templated":true}]}}