{"id":3214,"date":"2025-04-25T10:32:13","date_gmt":"2025-04-25T07:32:13","guid":{"rendered":"https:\/\/www.resq-club.com\/et\/?page_id=3214"},"modified":"2026-04-16T10:08:08","modified_gmt":"2026-04-16T07:08:08","slug":"meist","status":"publish","type":"page","link":"https:\/\/www.resq-club.com\/et\/meist\/","title":{"rendered":"Meist"},"content":{"rendered":"<div class=\"wpb-content-wrapper\"><p>[vc_row unlock_row_content=&#8221;yes&#8221; row_height_percent=&#8221;0&#8243; override_padding=&#8221;yes&#8221; h_padding=&#8221;2&#8243; top_padding=&#8221;1&#8243; bottom_padding=&#8221;1&#8243; overlay_alpha=&#8221;50&#8243; gutter_size=&#8221;3&#8243; column_width_percent=&#8221;100&#8243; shift_y=&#8221;0&#8243; z_index=&#8221;0&#8243; content_parallax=&#8221;0&#8243; uncode_shortcode_id=&#8221;106905&#8243; el_class=&#8221;hero-area&#8221;][vc_column column_width_percent=&#8221;100&#8243; gutter_size=&#8221;1&#8243; back_color=&#8221;color-vyce&#8221; overlay_alpha=&#8221;50&#8243; radius=&#8221;lg&#8221; shift_x=&#8221;0&#8243; shift_y=&#8221;0&#8243; shift_y_down=&#8221;0&#8243; z_index=&#8221;0&#8243; medium_width=&#8221;0&#8243; mobile_width=&#8221;0&#8243; css_animation=&#8221;alpha-anim&#8221; animation_speed=&#8221;600&#8243; animation_delay=&#8221;600&#8243; width=&#8221;1\/1&#8243; uncode_shortcode_id=&#8221;363730&#8243; back_color_type=&#8221;uncode-palette&#8221;][vc_row_inner][vc_column_inner column_width_percent=&#8221;100&#8243; position_vertical=&#8221;middle&#8221; gutter_size=&#8221;1&#8243; overlay_alpha=&#8221;50&#8243; shift_x=&#8221;0&#8243; shift_y=&#8221;0&#8243; shift_y_down=&#8221;0&#8243; z_index=&#8221;0&#8243; medium_width=&#8221;0&#8243; mobile_width=&#8221;0&#8243; css_animation=&#8221;bottom-t-top&#8221; animation_speed=&#8221;1400&#8243; width=&#8221;1\/2&#8243; uncode_shortcode_id=&#8221;533558&#8243;][vc_custom_heading heading_semantic=&#8221;h1&#8243; text_size=&#8221;h4&#8243; uncode_shortcode_id=&#8221;757914&#8243;]<span style=\"color: #007e67\">Tere, toidup\u00e4\u00e4stja!<\/span> Me muudame m\u00fc\u00fcmata j\u00e4\u00e4nud toodete p\u00e4\u00e4stmise lihtsaks, mugavaks ja t\u00f5husaks \u2013 sest iga pr\u00fcgikastist p\u00e4\u00e4stetud toode viib meid l\u00e4hemale raiskamise vabale elule.[\/vc_custom_heading][\/vc_column_inner][vc_column_inner width=&#8221;1\/2&#8243;][\/vc_column_inner][\/vc_row_inner][vc_empty_space empty_h=&#8221;2&#8243; medium_visibility=&#8221;yes&#8221; mobile_visibility=&#8221;yes&#8221;][vc_single_image media=&#8221;3158&#8243; media_width_percent=&#8221;100&#8243; media_ratio=&#8221;twentyone-nine&#8221; shape=&#8221;img-round&#8221; radius=&#8221;lg&#8221; medium_visibility=&#8221;yes&#8221; mobile_visibility=&#8221;yes&#8221; uncode_shortcode_id=&#8221;189788&#8243;][vc_single_image media=&#8221;3158&#8243; media_width_percent=&#8221;100&#8243; media_ratio=&#8221;four-five&#8221; shape=&#8221;img-round&#8221; radius=&#8221;xl&#8221; desktop_visibility=&#8221;yes&#8221; uncode_shortcode_id=&#8221;167134&#8243;][\/vc_column][\/vc_row][vc_row row_height_percent=&#8221;0&#8243; overlay_alpha=&#8221;50&#8243; gutter_size=&#8221;3&#8243; column_width_percent=&#8221;100&#8243; shift_y=&#8221;0&#8243; z_index=&#8221;0&#8243; medium_visibility=&#8221;yes&#8221; mobile_visibility=&#8221;yes&#8221; content_parallax=&#8221;0&#8243; uncode_shortcode_id=&#8221;129704&#8243;][vc_column column_width_percent=&#8221;100&#8243; gutter_size=&#8221;3&#8243; overlay_alpha=&#8221;50&#8243; shift_x=&#8221;0&#8243; shift_y=&#8221;0&#8243; shift_y_down=&#8221;0&#8243; z_index=&#8221;0&#8243; medium_visibility=&#8221;yes&#8221; medium_width=&#8221;0&#8243; mobile_visibility=&#8221;yes&#8221; mobile_width=&#8221;0&#8243; width=&#8221;1\/1&#8243; uncode_shortcode_id=&#8221;213611&#8243;][vc_empty_space empty_h=&#8221;1&#8243;][\/vc_column][\/vc_row][vc_row unlock_row=&#8221;&#8221; row_height_percent=&#8221;0&#8243; override_padding=&#8221;yes&#8221; h_padding=&#8221;2&#8243; top_padding=&#8221;2&#8243; bottom_padding=&#8221;3&#8243; overlay_alpha=&#8221;50&#8243; gutter_size=&#8221;4&#8243; column_width_percent=&#8221;100&#8243; shift_y=&#8221;0&#8243; z_index=&#8221;0&#8243; inverted_device_order=&#8221;yes&#8221; content_parallax=&#8221;0&#8243; uncode_shortcode_id=&#8221;194887&#8243;][vc_column column_width_percent=&#8221;100&#8243; gutter_size=&#8221;3&#8243; overlay_alpha=&#8221;50&#8243; shift_x=&#8221;0&#8243; shift_y=&#8221;0&#8243; shift_y_down=&#8221;0&#8243; z_index=&#8221;0&#8243; medium_width=&#8221;0&#8243; mobile_width=&#8221;0&#8243; width=&#8221;1\/2&#8243; uncode_shortcode_id=&#8221;119860&#8243;][vc_single_image media=&#8221;2907&#8243; media_width_percent=&#8221;100&#8243; media_ratio=&#8221;four-three&#8221; alignment=&#8221;center&#8221; shape=&#8221;img-round&#8221; radius=&#8221;lg&#8221; uncode_shortcode_id=&#8221;727147&#8243;][\/vc_column][vc_column column_width_percent=&#8221;100&#8243; position_vertical=&#8221;middle&#8221; gutter_size=&#8221;3&#8243; overlay_alpha=&#8221;50&#8243; shift_x=&#8221;0&#8243; shift_y=&#8221;0&#8243; shift_y_down=&#8221;0&#8243; z_index=&#8221;0&#8243; medium_width=&#8221;0&#8243; mobile_width=&#8221;0&#8243; width=&#8221;1\/2&#8243; uncode_shortcode_id=&#8221;197309&#8243;][vc_custom_heading text_color=&#8221;color-lxmt&#8221; uncode_shortcode_id=&#8221;179610&#8243; text_color_type=&#8221;uncode-palette&#8221;]Meie missioon[\/vc_custom_heading][vc_column_text uncode_shortcode_id=&#8221;992360&#8243;]Aitame kohvikutel, toidupoodidel, hulgim\u00fc\u00fcjatel, lillepoodidel ja paljudel teistel leida m\u00fc\u00fcmata j\u00e4\u00e4nud toodetele uue kodu. Kui su tootel on aegumiskuup\u00e4ev, oleme siin, et aidata!<\/p>\n<p>ResQ Club on Soome ettev\u00f5te, mis \u00fchendab keskkonnas\u00f5bralikud ettev\u00f5tted nutikate tarbijatega, kes otsivad h\u00e4id pakkumisi. Meie asukohap\u00f5hine mobiili\u00e4pp v\u00f5imaldab inimestel h\u00f5lpsalt p\u00e4\u00e4sta m\u00fc\u00fcmata j\u00e4\u00e4nud tooteid enda l\u00e4hedal \u2013 aidates samal ajal ettev\u00f5tetel v\u00e4hendada raiskamist.<\/p>\n<p>ResQ ei ole lihtsalt \u00e4pp, vaid kogukond, kus iga p\u00e4\u00e4stetud toode loeb. Meie partnerite seas on nii v\u00e4ikesed pagarikojad kui ka tuntud restoranid ja hulgilaod \u2013 k\u00f5ik koos aitame v\u00e4hendada raiskamist, et anda toodetele uue v\u00f5imaluse.[\/vc_column_text][\/vc_column][\/vc_row][vc_row row_height_percent=&#8221;0&#8243; override_padding=&#8221;yes&#8221; h_padding=&#8221;0&#8243; top_padding=&#8221;3&#8243; bottom_padding=&#8221;0&#8243; overlay_alpha=&#8221;50&#8243; gutter_size=&#8221;3&#8243; column_width_percent=&#8221;100&#8243; shift_y=&#8221;0&#8243; z_index=&#8221;0&#8243; content_parallax=&#8221;0&#8243; uncode_shortcode_id=&#8221;134910&#8243;][vc_column column_width_percent=&#8221;100&#8243; gutter_size=&#8221;1&#8243; overlay_alpha=&#8221;50&#8243; shift_x=&#8221;0&#8243; shift_y=&#8221;0&#8243; shift_y_down=&#8221;0&#8243; z_index=&#8221;0&#8243; desktop_visibility=&#8221;yes&#8221; align_medium=&#8221;align_center_tablet&#8221; medium_width=&#8221;0&#8243; align_mobile=&#8221;align_center_mobile&#8221; mobile_width=&#8221;0&#8243; width=&#8221;1\/1&#8243; uncode_shortcode_id=&#8221;174134&#8243;][vc_single_image media=&#8221;2023&#8243; media_width_percent=&#8221;100&#8243; desktop_visibility=&#8221;yes&#8221; medium_visibility=&#8221;yes&#8221; uncode_shortcode_id=&#8221;140991&#8243;][\/vc_column][\/vc_row][vc_row row_height_percent=&#8221;0&#8243; override_padding=&#8221;yes&#8221; h_padding=&#8221;2&#8243; top_padding=&#8221;2&#8243; bottom_padding=&#8221;2&#8243; overlay_alpha=&#8221;50&#8243; gutter_size=&#8221;3&#8243; column_width_percent=&#8221;100&#8243; shift_y=&#8221;0&#8243; z_index=&#8221;0&#8243; mobile_visibility=&#8221;yes&#8221; content_parallax=&#8221;0&#8243; uncode_shortcode_id=&#8221;147263&#8243;][vc_column width=&#8221;1\/1&#8243;][vc_row_inner row_inner_height_percent=&#8221;0&#8243; overlay_alpha=&#8221;50&#8243; gutter_size=&#8221;3&#8243; shift_y=&#8221;0&#8243; z_index=&#8221;0&#8243; uncode_shortcode_id=&#8221;910458&#8243;][vc_column_inner column_width_percent=&#8221;80&#8243; align_horizontal=&#8221;align_center&#8221; gutter_size=&#8221;1&#8243; override_padding=&#8221;yes&#8221; column_padding=&#8221;0&#8243; overlay_alpha=&#8221;50&#8243; shift_x=&#8221;0&#8243; shift_y=&#8221;0&#8243; shift_y_down=&#8221;0&#8243; z_index=&#8221;0&#8243; medium_width=&#8221;0&#8243; mobile_width=&#8221;0&#8243; width=&#8221;1\/1&#8243; uncode_shortcode_id=&#8221;432414&#8243;][vc_single_image media=&#8221;1708&#8243; media_width_percent=&#8221;100&#8243; alignment=&#8221;center&#8221; mobile_visibility=&#8221;yes&#8221; uncode_shortcode_id=&#8221;158890&#8243;][\/vc_column_inner][\/vc_row_inner][\/vc_column][\/vc_row][vc_row row_height_percent=&#8221;0&#8243; override_padding=&#8221;yes&#8221; h_padding=&#8221;2&#8243; top_padding=&#8221;0&#8243; bottom_padding=&#8221;2&#8243; overlay_alpha=&#8221;50&#8243; gutter_size=&#8221;4&#8243; column_width_percent=&#8221;100&#8243; shift_y=&#8221;0&#8243; z_index=&#8221;0&#8243; content_parallax=&#8221;0&#8243; uncode_shortcode_id=&#8221;374970&#8243;][vc_column width=&#8221;1\/2&#8243;][vc_custom_heading text_size=&#8221;h4&#8243; uncode_shortcode_id=&#8221;616017&#8243;]Iga p\u00e4\u00e4stetud toode on v\u00e4ike v\u00f5it, mis v\u00e4\u00e4rib jagamist. See on lugu sellest,<span style=\"color: #007e67\"> kuidas ResQ alguse sai.<\/span>[\/vc_custom_heading][\/vc_column][vc_column width=&#8221;1\/2&#8243;][vc_column_text uncode_shortcode_id=&#8221;190169&#8243;]<em>Kunagi ootas \u00fcks croissant terve p\u00e4eva, et keegi ta kohvikus \u00e4ra ostaks. Ta oli endiselt v\u00e4rske ja maitsev, kuid sulgemisaeg l\u00e4henes&#8230;<\/em><\/p>\n<p>Sellest s\u00fcndis idee. ResQ Club loodi 2016. aastal lihtsa, kuid suure eesm\u00e4rgiga: v\u00e4hendada toiduraiskamist ja anda m\u00fc\u00fcmata j\u00e4\u00e4nud toodetele teine v\u00f5imalus. P\u00e4ev p\u00e4evalt, eine eine haaval kasvasime kogukonnaks, kes v\u00f5itleb raiskamise vastu ja tahab p\u00e4riselt midagi muuta.<\/p>\n<p>Kuid peagi m\u00f5istsime, et lugu ei l\u00f5pe ainult toiduga. Ka lilled, kosmeetika ja paljud teised kasutusk\u00f5lblikud tooted j\u00e4id \u00fcle, sattudes ohtu pr\u00fcgikasti sattuda. Nii laiendasime oma missiooni toidust ka teistele toodetele. T\u00e4na p\u00e4\u00e4stame erinevaid \u00fclej\u00e4\u00e4ke ja anname igale tootele uue elu.<\/p>\n<p>Croissant ja miljonid teised tooted on juba p\u00e4\u00e4stetud \u2013 aga p\u00e4\u00e4stemissioon j\u00e4tkub. Mida sina t\u00e4na p\u00e4\u00e4stad?[\/vc_column_text][\/vc_column][\/vc_row][vc_row row_height_percent=&#8221;0&#8243; override_padding=&#8221;yes&#8221; h_padding=&#8221;2&#8243; top_padding=&#8221;2&#8243; bottom_padding=&#8221;3&#8243; overlay_alpha=&#8221;50&#8243; gutter_size=&#8221;3&#8243; column_width_percent=&#8221;100&#8243; shift_y=&#8221;0&#8243; z_index=&#8221;0&#8243; content_parallax=&#8221;0&#8243; uncode_shortcode_id=&#8221;449836&#8243;][vc_column column_width_percent=&#8221;100&#8243; align_horizontal=&#8221;align_center&#8221; gutter_size=&#8221;3&#8243; overlay_alpha=&#8221;50&#8243; shift_x=&#8221;0&#8243; shift_y=&#8221;0&#8243; shift_y_down=&#8221;0&#8243; z_index=&#8221;0&#8243; medium_width=&#8221;0&#8243; mobile_width=&#8221;0&#8243; width=&#8221;1\/1&#8243; uncode_shortcode_id=&#8221;197177&#8243; el_class=&#8221;custom-button&#8221;][vc_button button_color=&#8221;color-lxmt&#8221; custom_typo=&#8221;yes&#8221; font_family=&#8221;font-555555&#8243; font_weight=&#8221;600&#8243; border_width=&#8221;0&#8243; uncode_shortcode_id=&#8221;644875&#8243; link=&#8221;url:https%3A%2F%2Fwww.resq-club.com%2Fet%2Fvota-uhendust%2F|title:Our%20mission&#8221; button_color_type=&#8221;uncode-palette&#8221; el_class=&#8221;mobile-full-width&#8221;]Tahad rohkem teada? Kirjuta meile \u2013 oleme siin, et aidata.[\/vc_button][\/vc_column][\/vc_row][vc_row row_height_percent=&#8221;0&#8243; override_padding=&#8221;yes&#8221; h_padding=&#8221;2&#8243; top_padding=&#8221;1&#8243; bottom_padding=&#8221;2&#8243; overlay_alpha=&#8221;50&#8243; equal_height=&#8221;yes&#8221; gutter_size=&#8221;5&#8243; column_width_percent=&#8221;100&#8243; shift_y=&#8221;0&#8243; z_index=&#8221;0&#8243; content_parallax=&#8221;0&#8243; uncode_shortcode_id=&#8221;171910&#8243;][vc_column column_width_percent=&#8221;100&#8243; gutter_size=&#8221;1&#8243; override_padding=&#8221;yes&#8221; column_padding=&#8221;1&#8243; back_color=&#8221;color-vyce&#8221; overlay_alpha=&#8221;50&#8243; radius=&#8221;xl&#8221; shift_x=&#8221;0&#8243; shift_y=&#8221;0&#8243; shift_y_down=&#8221;0&#8243; z_index=&#8221;0&#8243; medium_width=&#8221;0&#8243; mobile_width=&#8221;0&#8243; width=&#8221;1\/1&#8243; uncode_shortcode_id=&#8221;835671&#8243; back_color_type=&#8221;uncode-palette&#8221; el_class=&#8221;custom-buttons&#8221;][vc_row_inner row_inner_height_percent=&#8221;0&#8243; overlay_alpha=&#8221;50&#8243; gutter_size=&#8221;1&#8243; shift_y=&#8221;0&#8243; z_index=&#8221;0&#8243; uncode_shortcode_id=&#8221;174553&#8243;][vc_column_inner column_width_percent=&#8221;100&#8243; gutter_size=&#8221;3&#8243; override_padding=&#8221;yes&#8221; column_padding=&#8221;3&#8243; overlay_alpha=&#8221;50&#8243; shift_x=&#8221;0&#8243; shift_y=&#8221;0&#8243; shift_y_down=&#8221;0&#8243; z_index=&#8221;0&#8243; medium_width=&#8221;0&#8243; mobile_width=&#8221;0&#8243; width=&#8221;1\/2&#8243; uncode_shortcode_id=&#8221;959192&#8243;][vc_custom_heading heading_semantic=&#8221;h4&#8243; text_size=&#8221;h3&#8243; uncode_shortcode_id=&#8221;703575&#8243;]Koos oleme p\u00e4\u00e4stnud <span class=\"number-block\" style=\"color: #007e67\">20 000 000 +<\/span> toodet raisku minemast.[\/vc_custom_heading][\/vc_column_inner][vc_column_inner column_width_percent=&#8221;100&#8243; position_horizontal=&#8221;right&#8221; gutter_size=&#8221;3&#8243; override_padding=&#8221;yes&#8221; column_padding=&#8221;3&#8243; overlay_alpha=&#8221;50&#8243; shift_x=&#8221;0&#8243; shift_y=&#8221;0&#8243; shift_y_down=&#8221;0&#8243; z_index=&#8221;0&#8243; medium_width=&#8221;0&#8243; mobile_width=&#8221;0&#8243; width=&#8221;1\/2&#8243; uncode_shortcode_id=&#8221;150517&#8243;][vc_column_text text_lead=&#8221;yes&#8221; uncode_shortcode_id=&#8221;195932&#8243;]<strong>Liitu meiega, et muuta maailma paremaks!<\/strong>[\/vc_column_text][vc_empty_space empty_h=&#8221;1&#8243;][vc_button button_color=&#8221;accent&#8221; border_width=&#8221;0&#8243; display=&#8221;inline&#8221; uncode_shortcode_id=&#8221;143589&#8243; button_color_type=&#8221;uncode-palette&#8221; el_class=&#8221;mobile-full-width popmake-3034&#8243;]Laadi alla ResQ Club \u00e4pp[\/vc_button][vc_button button_color=&#8221;accent&#8221; hover_fx=&#8221;outlined&#8221; outline=&#8221;yes&#8221; border_width=&#8221;0&#8243; display=&#8221;inline&#8221; uncode_shortcode_id=&#8221;171119&#8243; button_color_type=&#8221;uncode-palette&#8221; el_class=&#8221;mobile-full-width popmake-3026&#8243; link=&#8221;url:https%3A%2F%2Fwww.resq-club.com%2Fet%2Falusta-muumist%2F|title:Alusta%20m%C3%BC%C3%BCmist&#8221;]Alusta m\u00fc\u00fcmist ResQ&#8217;ga[\/vc_button][\/vc_column_inner][\/vc_row_inner][\/vc_column][\/vc_row][vc_row row_height_percent=&#8221;0&#8243; override_padding=&#8221;yes&#8221; h_padding=&#8221;0&#8243; top_padding=&#8221;1&#8243; bottom_padding=&#8221;1&#8243; back_color=&#8221;color-uydo&#8221; overlay_alpha=&#8221;50&#8243; gutter_size=&#8221;3&#8243; column_width_percent=&#8221;100&#8243; shift_y=&#8221;0&#8243; z_index=&#8221;0&#8243; content_parallax=&#8221;0&#8243; uncode_shortcode_id=&#8221;201491&#8243; back_color_type=&#8221;uncode-palette&#8221;][vc_column column_width_percent=&#8221;100&#8243; gutter_size=&#8221;3&#8243; back_color=&#8221;color-uydo&#8221; overlay_alpha=&#8221;50&#8243; shift_x=&#8221;0&#8243; shift_y=&#8221;0&#8243; shift_y_down=&#8221;0&#8243; z_index=&#8221;0&#8243; medium_width=&#8221;0&#8243; mobile_width=&#8221;0&#8243; width=&#8221;1\/1&#8243; uncode_shortcode_id=&#8221;154965&#8243; back_color_type=&#8221;uncode-palette&#8221;][vc_row_inner row_inner_height_percent=&#8221;0&#8243; overlay_alpha=&#8221;50&#8243; gutter_size=&#8221;6&#8243; shift_y=&#8221;0&#8243; z_index=&#8221;0&#8243; uncode_shortcode_id=&#8221;114048&#8243;][vc_column_inner column_width_percent=&#8221;70&#8243; position_horizontal=&#8221;left&#8221; position_vertical=&#8221;middle&#8221; gutter_size=&#8221;3&#8243; overlay_alpha=&#8221;50&#8243; shift_x=&#8221;0&#8243; shift_y=&#8221;0&#8243; shift_y_down=&#8221;0&#8243; z_index=&#8221;0&#8243; medium_width=&#8221;0&#8243; mobile_width=&#8221;0&#8243; width=&#8221;1\/2&#8243; uncode_shortcode_id=&#8221;128666&#8243;][vc_custom_heading heading_semantic=&#8221;h4&#8243; text_size=&#8221;h4&#8243; uncode_shortcode_id=&#8221;159349&#8243;]Soovid meiega t\u00f6\u00f6tada?[\/vc_custom_heading][vc_button size=&#8221;link&#8221; custom_typo=&#8221;yes&#8221; font_family=&#8221;font-555555&#8243; font_weight=&#8221;600&#8243; icon_position=&#8221;right&#8221; icon=&#8221;fa fa-arrow-right2&#8243; uncode_shortcode_id=&#8221;132279&#8243; link=&#8221;url:https%3A%2F%2Fcareers.resq-club.com%2F|target:_blank&#8221;]Vaata avatud t\u00f6\u00f6kohti ja liitu tiimiga[\/vc_button][\/vc_column_inner][vc_column_inner width=&#8221;1\/2&#8243;][vc_single_image media=&#8221;822&#8243; media_width_percent=&#8221;90&#8243; alignment=&#8221;right&#8221; shape=&#8221;img-round&#8221; radius=&#8221;lg&#8221; medium_visibility=&#8221;yes&#8221; mobile_visibility=&#8221;yes&#8221; uncode_shortcode_id=&#8221;520401&#8243;][vc_single_image media=&#8221;822&#8243; media_width_percent=&#8221;100&#8243; alignment=&#8221;center&#8221; shape=&#8221;img-round&#8221; radius=&#8221;lg&#8221; desktop_visibility=&#8221;yes&#8221; uncode_shortcode_id=&#8221;688602&#8243;][\/vc_column_inner][\/vc_row_inner][\/vc_column][\/vc_row]<\/p>\n<\/div>","protected":false},"excerpt":{"rendered":"<p>[vc_row unlock_row_content=&#8221;yes&#8221; row_height_percent=&#8221;0&#8243; override_padding=&#8221;yes&#8221; h_padding=&#8221;2&#8243; top_padding=&#8221;1&#8243; bottom_padding=&#8221;1&#8243; overlay_alpha=&#8221;50&#8243; gutter_size=&#8221;3&#8243; column_width_percent=&#8221;100&#8243; shift_y=&#8221;0&#8243; z_index=&#8221;0&#8243; content_parallax=&#8221;0&#8243; uncode_shortcode_id=&#8221;106905&#8243; el_class=&#8221;hero-area&#8221;][vc_column column_width_percent=&#8221;100&#8243; gutter_size=&#8221;1&#8243; back_color=&#8221;color-vyce&#8221; overlay_alpha=&#8221;50&#8243; radius=&#8221;lg&#8221; [&hellip;]<\/p>\n","protected":false},"author":2,"featured_media":0,"parent":0,"menu_order":0,"comment_status":"closed","ping_status":"closed","template":"","meta":{"footnotes":""},"class_list":["post-3214","page","type-page","status-publish","hentry"],"yoast_head":"<!-- This site is optimized with the Yoast SEO plugin v27.4 - https:\/\/yoast.com\/product\/yoast-seo-wordpress\/ -->\n<title>Meist - ResQ Club 2025 Et<\/title>\n<meta name=\"robots\" content=\"index, follow, max-snippet:-1, max-image-preview:large, max-video-preview:-1\" \/>\n<link rel=\"canonical\" href=\"https:\/\/www.resq-club.com\/et\/meist\/\" \/>\n<meta property=\"og:locale\" content=\"et_EE\" \/>\n<meta property=\"og:type\" content=\"article\" \/>\n<meta property=\"og:title\" content=\"Meist - ResQ Club 2025 Et\" \/>\n<meta property=\"og:description\" content=\"[vc_row unlock_row_content=&#8221;yes&#8221; row_height_percent=&#8221;0&#8243; override_padding=&#8221;yes&#8221; h_padding=&#8221;2&#8243; top_padding=&#8221;1&#8243; bottom_padding=&#8221;1&#8243; overlay_alpha=&#8221;50&#8243; gutter_size=&#8221;3&#8243; column_width_percent=&#8221;100&#8243; shift_y=&#8221;0&#8243; z_index=&#8221;0&#8243; content_parallax=&#8221;0&#8243; uncode_shortcode_id=&#8221;106905&#8243; el_class=&#8221;hero-area&#8221;][vc_column column_width_percent=&#8221;100&#8243; gutter_size=&#8221;1&#8243; back_color=&#8221;color-vyce&#8221; overlay_alpha=&#8221;50&#8243; radius=&#8221;lg&#8221; [&hellip;]\" \/>\n<meta property=\"og:url\" content=\"https:\/\/www.resq-club.com\/et\/meist\/\" \/>\n<meta property=\"og:site_name\" content=\"ResQ Club 2025 Et\" \/>\n<meta property=\"article:modified_time\" content=\"2026-04-16T07:08:08+00:00\" \/>\n<meta property=\"og:image\" content=\"https:\/\/2025.resq-club.com\/wp-content\/uploads\/\/sites\/10\/2025\/05\/resq-club-2.jpg\" \/>\n\t<meta property=\"og:image:width\" content=\"1200\" \/>\n\t<meta property=\"og:image:height\" content=\"678\" \/>\n\t<meta property=\"og:image:type\" content=\"image\/jpeg\" \/>\n<meta name=\"twitter:card\" content=\"summary_large_image\" \/>\n<meta name=\"twitter:label1\" content=\"Est. reading time\" \/>\n\t<meta name=\"twitter:data1\" content=\"4 minutit\" \/>\n<script type=\"application\/ld+json\" class=\"yoast-schema-graph\">{\"@context\":\"https:\\\/\\\/schema.org\",\"@graph\":[{\"@type\":\"WebPage\",\"@id\":\"https:\\\/\\\/www.resq-club.com\\\/et\\\/meist\\\/\",\"url\":\"https:\\\/\\\/www.resq-club.com\\\/et\\\/meist\\\/\",\"name\":\"Meist - ResQ Club 2025 Et\",\"isPartOf\":{\"@id\":\"https:\\\/\\\/www.resq-club.com\\\/et\\\/#website\"},\"datePublished\":\"2025-04-25T07:32:13+00:00\",\"dateModified\":\"2026-04-16T07:08:08+00:00\",\"breadcrumb\":{\"@id\":\"https:\\\/\\\/www.resq-club.com\\\/et\\\/meist\\\/#breadcrumb\"},\"inLanguage\":\"et\",\"potentialAction\":[{\"@type\":\"ReadAction\",\"target\":[\"https:\\\/\\\/www.resq-club.com\\\/et\\\/meist\\\/\"]}]},{\"@type\":\"BreadcrumbList\",\"@id\":\"https:\\\/\\\/www.resq-club.com\\\/et\\\/meist\\\/#breadcrumb\",\"itemListElement\":[{\"@type\":\"ListItem\",\"position\":1,\"name\":\"Home\",\"item\":\"https:\\\/\\\/www.resq-club.com\\\/et\\\/\"},{\"@type\":\"ListItem\",\"position\":2,\"name\":\"Meist\"}]},{\"@type\":\"WebSite\",\"@id\":\"https:\\\/\\\/www.resq-club.com\\\/et\\\/#website\",\"url\":\"https:\\\/\\\/www.resq-club.com\\\/et\\\/\",\"name\":\"ResQ Club\",\"description\":\"\",\"publisher\":{\"@id\":\"https:\\\/\\\/www.resq-club.com\\\/et\\\/#organization\"},\"potentialAction\":[{\"@type\":\"SearchAction\",\"target\":{\"@type\":\"EntryPoint\",\"urlTemplate\":\"https:\\\/\\\/www.resq-club.com\\\/et\\\/?s={search_term_string}\"},\"query-input\":{\"@type\":\"PropertyValueSpecification\",\"valueRequired\":true,\"valueName\":\"search_term_string\"}}],\"inLanguage\":\"et\"},{\"@type\":\"Organization\",\"@id\":\"https:\\\/\\\/www.resq-club.com\\\/et\\\/#organization\",\"name\":\"ResQ Club\",\"url\":\"https:\\\/\\\/www.resq-club.com\\\/et\\\/\",\"logo\":{\"@type\":\"ImageObject\",\"inLanguage\":\"et\",\"@id\":\"https:\\\/\\\/www.resq-club.com\\\/et\\\/#\\\/schema\\\/logo\\\/image\\\/\",\"url\":\"https:\\\/\\\/www.resq-club.com\\\/wp-content\\\/uploads\\\/\\\/sites\\\/10\\\/2025\\\/01\\\/ResQ-logo.svg\",\"contentUrl\":\"https:\\\/\\\/www.resq-club.com\\\/wp-content\\\/uploads\\\/\\\/sites\\\/10\\\/2025\\\/01\\\/ResQ-logo.svg\",\"width\":94,\"height\":40,\"caption\":\"ResQ Club\"},\"image\":{\"@id\":\"https:\\\/\\\/www.resq-club.com\\\/et\\\/#\\\/schema\\\/logo\\\/image\\\/\"}}]}<\/script>\n<!-- \/ Yoast SEO plugin. -->","yoast_head_json":{"title":"Meist - ResQ Club 2025 Et","robots":{"index":"index","follow":"follow","max-snippet":"max-snippet:-1","max-image-preview":"max-image-preview:large","max-video-preview":"max-video-preview:-1"},"canonical":"https:\/\/www.resq-club.com\/et\/meist\/","og_locale":"et_EE","og_type":"article","og_title":"Meist - ResQ Club 2025 Et","og_description":"[vc_row unlock_row_content=&#8221;yes&#8221; row_height_percent=&#8221;0&#8243; override_padding=&#8221;yes&#8221; h_padding=&#8221;2&#8243; top_padding=&#8221;1&#8243; bottom_padding=&#8221;1&#8243; overlay_alpha=&#8221;50&#8243; gutter_size=&#8221;3&#8243; column_width_percent=&#8221;100&#8243; shift_y=&#8221;0&#8243; z_index=&#8221;0&#8243; content_parallax=&#8221;0&#8243; uncode_shortcode_id=&#8221;106905&#8243; el_class=&#8221;hero-area&#8221;][vc_column column_width_percent=&#8221;100&#8243; gutter_size=&#8221;1&#8243; back_color=&#8221;color-vyce&#8221; overlay_alpha=&#8221;50&#8243; radius=&#8221;lg&#8221; [&hellip;]","og_url":"https:\/\/www.resq-club.com\/et\/meist\/","og_site_name":"ResQ Club 2025 Et","article_modified_time":"2026-04-16T07:08:08+00:00","og_image":[{"width":1200,"height":678,"url":"https:\/\/2025.resq-club.com\/wp-content\/uploads\/\/sites\/10\/2025\/05\/resq-club-2.jpg","type":"image\/jpeg"}],"twitter_card":"summary_large_image","twitter_misc":{"Est. reading time":"4 minutit"},"schema":{"@context":"https:\/\/schema.org","@graph":[{"@type":"WebPage","@id":"https:\/\/www.resq-club.com\/et\/meist\/","url":"https:\/\/www.resq-club.com\/et\/meist\/","name":"Meist - ResQ Club 2025 Et","isPartOf":{"@id":"https:\/\/www.resq-club.com\/et\/#website"},"datePublished":"2025-04-25T07:32:13+00:00","dateModified":"2026-04-16T07:08:08+00:00","breadcrumb":{"@id":"https:\/\/www.resq-club.com\/et\/meist\/#breadcrumb"},"inLanguage":"et","potentialAction":[{"@type":"ReadAction","target":["https:\/\/www.resq-club.com\/et\/meist\/"]}]},{"@type":"BreadcrumbList","@id":"https:\/\/www.resq-club.com\/et\/meist\/#breadcrumb","itemListElement":[{"@type":"ListItem","position":1,"name":"Home","item":"https:\/\/www.resq-club.com\/et\/"},{"@type":"ListItem","position":2,"name":"Meist"}]},{"@type":"WebSite","@id":"https:\/\/www.resq-club.com\/et\/#website","url":"https:\/\/www.resq-club.com\/et\/","name":"ResQ Club","description":"","publisher":{"@id":"https:\/\/www.resq-club.com\/et\/#organization"},"potentialAction":[{"@type":"SearchAction","target":{"@type":"EntryPoint","urlTemplate":"https:\/\/www.resq-club.com\/et\/?s={search_term_string}"},"query-input":{"@type":"PropertyValueSpecification","valueRequired":true,"valueName":"search_term_string"}}],"inLanguage":"et"},{"@type":"Organization","@id":"https:\/\/www.resq-club.com\/et\/#organization","name":"ResQ Club","url":"https:\/\/www.resq-club.com\/et\/","logo":{"@type":"ImageObject","inLanguage":"et","@id":"https:\/\/www.resq-club.com\/et\/#\/schema\/logo\/image\/","url":"https:\/\/www.resq-club.com\/wp-content\/uploads\/\/sites\/10\/2025\/01\/ResQ-logo.svg","contentUrl":"https:\/\/www.resq-club.com\/wp-content\/uploads\/\/sites\/10\/2025\/01\/ResQ-logo.svg","width":94,"height":40,"caption":"ResQ Club"},"image":{"@id":"https:\/\/www.resq-club.com\/et\/#\/schema\/logo\/image\/"}}]}},"lang":"et","translations":{"et":3214,"en":182},"pll_sync_post":[],"_links":{"self":[{"href":"https:\/\/www.resq-club.com\/et\/wp-json\/wp\/v2\/pages\/3214","targetHints":{"allow":["GET"]}}],"collection":[{"href":"https:\/\/www.resq-club.com\/et\/wp-json\/wp\/v2\/pages"}],"about":[{"href":"https:\/\/www.resq-club.com\/et\/wp-json\/wp\/v2\/types\/page"}],"author":[{"embeddable":true,"href":"https:\/\/www.resq-club.com\/et\/wp-json\/wp\/v2\/users\/2"}],"replies":[{"embeddable":true,"href":"https:\/\/www.resq-club.com\/et\/wp-json\/wp\/v2\/comments?post=3214"}],"version-history":[{"count":14,"href":"https:\/\/www.resq-club.com\/et\/wp-json\/wp\/v2\/pages\/3214\/revisions"}],"predecessor-version":[{"id":3615,"href":"https:\/\/www.resq-club.com\/et\/wp-json\/wp\/v2\/pages\/3214\/revisions\/3615"}],"wp:attachment":[{"href":"https:\/\/www.resq-club.com\/et\/wp-json\/wp\/v2\/media?parent=3214"}],"curies":[{"name":"wp","href":"https:\/\/api.w.org\/{rel}","templated":true}]}}